{"id":145,"date":"2023-12-15T19:43:23","date_gmt":"2023-12-15T19:43:23","guid":{"rendered":"https:\/\/advisor.wellington-altus.ca\/campbellwealthmanagement-new\/?page_id=145"},"modified":"2024-10-25T17:20:48","modified_gmt":"2024-10-25T17:20:48","slug":"meet-the-team","status":"publish","type":"page","link":"https:\/\/advisor.wellington-altus.ca\/campbellwealthmanagement\/fr\/meet-the-team\/","title":{"rendered":"Faites connaissance avec l\u2019\u00e9quipe"},"content":{"rendered":"<div data-elementor-type=\"wp-page\" data-elementor-id=\"145\" class=\"elementor elementor-145\" data-elementor-post-type=\"page\">\n\t\t\t\t<div class=\"elementor-element elementor-element-4d0b629 e-flex e-con-boxed e-con e-parent\" data-id=\"4d0b629\" data-element_type=\"container\" data-e-type=\"container\" data-settings=\"{&quot;background_background&quot;:&quot;classic&quot;}\">\n\t\t\t\t\t<div class=\"e-con-inner\">\n\t\t<div class=\"elementor-element elementor-element-d3f11cb e-con-full e-flex e-con e-child\" data-id=\"d3f11cb\" data-element_type=\"container\" data-e-type=\"container\">\n\t\t\t\t<div class=\"elementor-element elementor-element-8a124f3 elementor-widget elementor-widget-heading\" data-id=\"8a124f3\" data-element_type=\"widget\" data-e-type=\"widget\" data-widget_type=\"heading.default\">\n\t\t\t\t<div class=\"elementor-widget-container\">\n\t\t\t\t\t<h2 class=\"elementor-heading-title elementor-size-default\">Faites connaissance avec l\u2019\u00e9quipe<\/h2>\t\t\t\t<\/div>\n\t\t\t\t<\/div>\n\t\t\t\t<\/div>\n\t\t\t\t\t<\/div>\n\t\t\t\t<\/div>\n\t\t<div class=\"elementor-element elementor-element-3c32bfc e-flex e-con-boxed e-con e-parent\" data-id=\"3c32bfc\" data-element_type=\"container\" data-e-type=\"container\">\n\t\t\t\t\t<div class=\"e-con-inner\">\n\t\t<div class=\"elementor-element elementor-element-51e2ff9 e-con-full e-flex e-con e-child\" data-id=\"51e2ff9\" data-element_type=\"container\" data-e-type=\"container\">\n\t\t\t\t<div class=\"elementor-element elementor-element-e1aedf3 elementor-widget elementor-widget-image\" data-id=\"e1aedf3\" data-element_type=\"widget\" data-e-type=\"widget\" data-widget_type=\"image.default\">\n\t\t\t\t<div class=\"elementor-widget-container\">\n\t\t\t\t\t\t\t\t\t\t\t\t\t\t\t<img fetchpriority=\"high\" decoding=\"async\" width=\"800\" height=\"800\" src=\"https:\/\/advisor.wellington-altus.ca\/campbellwealthmanagement\/wp-content\/uploads\/sites\/224\/2024\/10\/Mathew-Campbell-Headshots.jpg\" class=\"attachment-full size-full wp-image-366\" alt=\"Mathew Campbell Headshots\" srcset=\"https:\/\/advisor.wellington-altus.ca\/campbellwealthmanagement\/wp-content\/uploads\/sites\/224\/2024\/10\/Mathew-Campbell-Headshots.jpg 800w, https:\/\/advisor.wellington-altus.ca\/campbellwealthmanagement\/wp-content\/uploads\/sites\/224\/2024\/10\/Mathew-Campbell-Headshots-300x300.jpg 300w, https:\/\/advisor.wellington-altus.ca\/campbellwealthmanagement\/wp-content\/uploads\/sites\/224\/2024\/10\/Mathew-Campbell-Headshots-150x150.jpg 150w, https:\/\/advisor.wellington-altus.ca\/campbellwealthmanagement\/wp-content\/uploads\/sites\/224\/2024\/10\/Mathew-Campbell-Headshots-768x768.jpg 768w\" sizes=\"(max-width: 800px) 100vw, 800px\" \/>\t\t\t\t\t\t\t\t\t\t\t\t\t\t\t<\/div>\n\t\t\t\t<\/div>\n\t\t\t\t<\/div>\n\t\t<div class=\"elementor-element elementor-element-84a1f3d e-con-full e-flex e-con e-child\" data-id=\"84a1f3d\" data-element_type=\"container\" data-e-type=\"container\">\n\t\t\t\t<div class=\"elementor-element elementor-element-2ecdb22 elementor-widget elementor-widget-heading\" data-id=\"2ecdb22\" data-element_type=\"widget\" data-e-type=\"widget\" data-widget_type=\"heading.default\">\n\t\t\t\t<div class=\"elementor-widget-container\">\n\t\t\t\t\t<h2 class=\"elementor-heading-title elementor-size-default\">Matthew Campbell <\/h2>\t\t\t\t<\/div>\n\t\t\t\t<\/div>\n\t\t\t\t<div class=\"elementor-element elementor-element-0568cbf elementor-widget elementor-widget-text-editor\" data-id=\"0568cbf\" data-element_type=\"widget\" data-e-type=\"widget\" data-widget_type=\"text-editor.default\">\n\t\t\t\t<div class=\"elementor-widget-container\">\n\t\t\t\t\t\t\t\t\tM.A., FCSI<sup><sup>MD<\/sup><\/sup>\t\t\t\t\t\t\t\t<\/div>\n\t\t\t\t<\/div>\n\t\t\t\t<div class=\"elementor-element elementor-element-b8c17e9 elementor-widget elementor-widget-text-editor\" data-id=\"b8c17e9\" data-element_type=\"widget\" data-e-type=\"widget\" data-widget_type=\"text-editor.default\">\n\t\t\t\t<div class=\"elementor-widget-container\">\n\t\t\t\t\t\t\t\t\t<p><em>Conseiller en placement principal et gestionnaire de portefeuille principal<\/em><\/p>\t\t\t\t\t\t\t\t<\/div>\n\t\t\t\t<\/div>\n\t\t\t\t<div class=\"elementor-element elementor-element-09d97ea elementor-widget elementor-widget-text-editor\" data-id=\"09d97ea\" data-element_type=\"widget\" data-e-type=\"widget\" data-widget_type=\"text-editor.default\">\n\t\t\t\t<div class=\"elementor-widget-container\">\n\t\t\t\t\t\t\t\t\t<p>Matt a \u00e9tudi\u00e9 \u00e0 l\u2019Universit\u00e9 du Manitoba, o\u00f9 il a obtenu une licence et une ma\u00eetrise en arts, avec une sp\u00e9cialisation dans l\u2019histoire du Canada au XIXe si\u00e8cle.<\/p><p>Apr\u00e8s avoir termin\u00e9 ses \u00e9tudes universitaires, il a d\u00e9but\u00e9 sa carri\u00e8re \u00e0 titre de conseiller en placement en 1986.  Depuis lors, il consacre son temps de travail \u00e0 maintenir et \u00e0 am\u00e9liorer le bien-\u00eatre financier des personnes et des familles dont il s\u2019occupe.<\/p><p>Ses fonctions de conseiller financier et de gestionnaire de portefeuille comprennent la planification financi\u00e8re de base, la gestion de portefeuille, l\u2019\u00e9valuation continue de la dynamique de l\u2019environnement macro\u00e9conomique et l\u2019\u00e9valuation continue des occasions de placement individuelles.<\/p><p>Il aime \u00e9galement soutenir les organismes environnementaux, notamment Canards Illimit\u00e9s Canada.<\/p>\t\t\t\t\t\t\t\t<\/div>\n\t\t\t\t<\/div>\n\t\t\t\t<div class=\"elementor-element elementor-element-63b3c78 elementor-icon-list--layout-traditional elementor-list-item-link-full_width elementor-widget elementor-widget-icon-list\" data-id=\"63b3c78\" data-element_type=\"widget\" data-e-type=\"widget\" data-widget_type=\"icon-list.default\">\n\t\t\t\t<div class=\"elementor-widget-container\">\n\t\t\t\t\t\t\t<ul class=\"elementor-icon-list-items\">\n\t\t\t\t\t\t\t<li class=\"elementor-icon-list-item\">\n\t\t\t\t\t\t\t\t\t\t\t<a href=\"tel:+1-514-461-4137\">\n\n\t\t\t\t\t\t\t\t\t\t\t\t<span class=\"elementor-icon-list-icon\">\n\t\t\t\t\t\t\t<svg aria-hidden=\"true\" class=\"e-font-icon-svg e-fas-phone\" viewbox=\"0 0 512 512\" xmlns=\"http:\/\/www.w3.org\/2000\/svg\"><path d=\"M493.4 24.6l-104-24c-11.3-2.6-22.9 3.3-27.5 13.9l-48 112c-4.2 9.8-1.4 21.3 6.9 28l60.6 49.6c-36 76.7-98.9 140.5-177.2 177.2l-49.6-60.6c-6.8-8.3-18.2-11.1-28-6.9l-112 48C3.9 366.5-2 378.1.6 389.4l24 104C27.1 504.2 36.7 512 48 512c256.1 0 464-207.5 464-464 0-11.2-7.7-20.9-18.6-23.4z\"><\/path><\/svg>\t\t\t\t\t\t<\/span>\n\t\t\t\t\t\t\t\t\t\t<span class=\"elementor-icon-list-text\">514.461.4137<\/span>\n\t\t\t\t\t\t\t\t\t\t\t<\/a>\n\t\t\t\t\t\t\t\t\t<\/li>\n\t\t\t\t\t\t\t\t<li class=\"elementor-icon-list-item\">\n\t\t\t\t\t\t\t\t\t\t\t<a href=\"mailto:matthew.campbell@wellington-altus.ca\">\n\n\t\t\t\t\t\t\t\t\t\t\t\t<span class=\"elementor-icon-list-icon\">\n\t\t\t\t\t\t\t<svg aria-hidden=\"true\" class=\"e-font-icon-svg e-fas-envelope\" viewbox=\"0 0 512 512\" xmlns=\"http:\/\/www.w3.org\/2000\/svg\"><path d=\"M502.3 190.8c3.9-3.1 9.7-.2 9.7 4.7V400c0 26.5-21.5 48-48 48H48c-26.5 0-48-21.5-48-48V195.6c0-5 5.7-7.8 9.7-4.7 22.4 17.4 52.1 39.5 154.1 113.6 21.1 15.4 56.7 47.8 92.2 47.6 35.7.3 72-32.8 92.3-47.6 102-74.1 131.6-96.3 154-113.7zM256 320c23.2.4 56.6-29.2 73.4-41.4 132.7-96.3 142.8-104.7 173.4-128.7 5.8-4.5 9.2-11.5 9.2-18.9v-19c0-26.5-21.5-48-48-48H48C21.5 64 0 85.5 0 112v19c0 7.4 3.4 14.3 9.2 18.9 30.6 23.9 40.7 32.4 173.4 128.7 16.8 12.2 50.2 41.8 73.4 41.4z\"><\/path><\/svg>\t\t\t\t\t\t<\/span>\n\t\t\t\t\t\t\t\t\t\t<span class=\"elementor-icon-list-text\"><u>matthew.campbell@wellington-altus.ca<\/u><\/span>\n\t\t\t\t\t\t\t\t\t\t\t<\/a>\n\t\t\t\t\t\t\t\t\t<\/li>\n\t\t\t\t\t\t<\/ul>\n\t\t\t\t\t\t<\/div>\n\t\t\t\t<\/div>\n\t\t\t\t<\/div>\n\t\t\t\t\t<\/div>\n\t\t\t\t<\/div>\n\t\t<div class=\"elementor-element elementor-element-3589c9c e-flex e-con-boxed e-con e-parent\" data-id=\"3589c9c\" data-element_type=\"container\" data-e-type=\"container\">\n\t\t\t\t\t<div class=\"e-con-inner\">\n\t\t<div class=\"elementor-element elementor-element-55b4655 e-con-full e-flex e-con e-child\" data-id=\"55b4655\" data-element_type=\"container\" data-e-type=\"container\">\n\t\t\t\t<div class=\"elementor-element elementor-element-0af19cd elementor-widget elementor-widget-image\" data-id=\"0af19cd\" data-element_type=\"widget\" data-e-type=\"widget\" data-widget_type=\"image.default\">\n\t\t\t\t<div class=\"elementor-widget-container\">\n\t\t\t\t\t\t\t\t\t\t\t\t\t\t\t<img decoding=\"async\" width=\"800\" height=\"800\" src=\"https:\/\/advisor.wellington-altus.ca\/campbellwealthmanagement\/wp-content\/uploads\/sites\/224\/2024\/10\/2024-09-19-Jennifer-Pretli-headshot.jpg\" class=\"attachment-full size-full wp-image-367\" alt=\"Jennifer Pretli headshot\" srcset=\"https:\/\/advisor.wellington-altus.ca\/campbellwealthmanagement\/wp-content\/uploads\/sites\/224\/2024\/10\/2024-09-19-Jennifer-Pretli-headshot.jpg 800w, https:\/\/advisor.wellington-altus.ca\/campbellwealthmanagement\/wp-content\/uploads\/sites\/224\/2024\/10\/2024-09-19-Jennifer-Pretli-headshot-300x300.jpg 300w, https:\/\/advisor.wellington-altus.ca\/campbellwealthmanagement\/wp-content\/uploads\/sites\/224\/2024\/10\/2024-09-19-Jennifer-Pretli-headshot-150x150.jpg 150w, https:\/\/advisor.wellington-altus.ca\/campbellwealthmanagement\/wp-content\/uploads\/sites\/224\/2024\/10\/2024-09-19-Jennifer-Pretli-headshot-768x768.jpg 768w\" sizes=\"(max-width: 800px) 100vw, 800px\" \/>\t\t\t\t\t\t\t\t\t\t\t\t\t\t\t<\/div>\n\t\t\t\t<\/div>\n\t\t\t\t<\/div>\n\t\t<div class=\"elementor-element elementor-element-0285d8b e-con-full e-flex e-con e-child\" data-id=\"0285d8b\" data-element_type=\"container\" data-e-type=\"container\">\n\t\t\t\t<div class=\"elementor-element elementor-element-3ef461e elementor-widget elementor-widget-heading\" data-id=\"3ef461e\" data-element_type=\"widget\" data-e-type=\"widget\" data-widget_type=\"heading.default\">\n\t\t\t\t<div class=\"elementor-widget-container\">\n\t\t\t\t\t<h2 class=\"elementor-heading-title elementor-size-default\">Jennifer Pretli<\/h2>\t\t\t\t<\/div>\n\t\t\t\t<\/div>\n\t\t\t\t<div class=\"elementor-element elementor-element-9e3e8c4 elementor-hidden-widescreen elementor-hidden-desktop elementor-hidden-laptop elementor-hidden-tablet_extra elementor-hidden-tablet elementor-hidden-mobile_extra elementor-hidden-mobile elementor-widget elementor-widget-text-editor\" data-id=\"9e3e8c4\" data-element_type=\"widget\" data-e-type=\"widget\" data-widget_type=\"text-editor.default\">\n\t\t\t\t<div class=\"elementor-widget-container\">\n\t\t\t\t\t\t\t\t\t<p>CFA, CFP<sup><sup>MD<\/sup><\/sup><\/p>\t\t\t\t\t\t\t\t<\/div>\n\t\t\t\t<\/div>\n\t\t\t\t<div class=\"elementor-element elementor-element-e1ce5a8 elementor-widget elementor-widget-text-editor\" data-id=\"e1ce5a8\" data-element_type=\"widget\" data-e-type=\"widget\" data-widget_type=\"text-editor.default\">\n\t\t\t\t<div class=\"elementor-widget-container\">\n\t\t\t\t\t\t\t\t\t<p><em>Associ\u00e9e en placement principale<\/em><\/p>\t\t\t\t\t\t\t\t<\/div>\n\t\t\t\t<\/div>\n\t\t\t\t<div class=\"elementor-element elementor-element-11a2d8d elementor-widget elementor-widget-text-editor\" data-id=\"11a2d8d\" data-element_type=\"widget\" data-e-type=\"widget\" data-widget_type=\"text-editor.default\">\n\t\t\t\t<div class=\"elementor-widget-container\">\n\t\t\t\t\t\t\t\t\t<p>Jen a d\u00e9but\u00e9 sa carri\u00e8re dans le domaine des placements \u00e0 titre d\u2019adjointe administrative au sein d\u2019une grande banque canadienne en 1999. Elle fait partie de l\u2019\u00c9quipe Campbell Gestion de patrimoine depuis 2009 et est responsable de toutes les t\u00e2ches administratives. Elle a re\u00e7u une formation et est agr\u00e9\u00e9e pour effectuer des op\u00e9rations.<\/p><p>Elle est fi\u00e8re de son travail et s\u2019efforce constamment de fournir un excellent service \u00e0 la client\u00e8le et d\u2019assurer le bon fonctionnement de notre cabinet.<\/p><p>\u00a0<\/p>\t\t\t\t\t\t\t\t<\/div>\n\t\t\t\t<\/div>\n\t\t\t\t<div class=\"elementor-element elementor-element-826fece elementor-icon-list--layout-traditional elementor-list-item-link-full_width elementor-widget elementor-widget-icon-list\" data-id=\"826fece\" data-element_type=\"widget\" data-e-type=\"widget\" data-widget_type=\"icon-list.default\">\n\t\t\t\t<div class=\"elementor-widget-container\">\n\t\t\t\t\t\t\t<ul class=\"elementor-icon-list-items\">\n\t\t\t\t\t\t\t<li class=\"elementor-icon-list-item\">\n\t\t\t\t\t\t\t\t\t\t\t<a href=\"tel:+1-514-461-4138\">\n\n\t\t\t\t\t\t\t\t\t\t\t\t<span class=\"elementor-icon-list-icon\">\n\t\t\t\t\t\t\t<svg aria-hidden=\"true\" class=\"e-font-icon-svg e-fas-phone\" viewbox=\"0 0 512 512\" xmlns=\"http:\/\/www.w3.org\/2000\/svg\"><path d=\"M493.4 24.6l-104-24c-11.3-2.6-22.9 3.3-27.5 13.9l-48 112c-4.2 9.8-1.4 21.3 6.9 28l60.6 49.6c-36 76.7-98.9 140.5-177.2 177.2l-49.6-60.6c-6.8-8.3-18.2-11.1-28-6.9l-112 48C3.9 366.5-2 378.1.6 389.4l24 104C27.1 504.2 36.7 512 48 512c256.1 0 464-207.5 464-464 0-11.2-7.7-20.9-18.6-23.4z\"><\/path><\/svg>\t\t\t\t\t\t<\/span>\n\t\t\t\t\t\t\t\t\t\t<span class=\"elementor-icon-list-text\">514.461.4138<\/span>\n\t\t\t\t\t\t\t\t\t\t\t<\/a>\n\t\t\t\t\t\t\t\t\t<\/li>\n\t\t\t\t\t\t\t\t<li class=\"elementor-icon-list-item\">\n\t\t\t\t\t\t\t\t\t\t\t<a href=\"mailto:jennifer.pretli@wellington-altus.ca\">\n\n\t\t\t\t\t\t\t\t\t\t\t\t<span class=\"elementor-icon-list-icon\">\n\t\t\t\t\t\t\t<svg aria-hidden=\"true\" class=\"e-font-icon-svg e-fas-envelope\" viewbox=\"0 0 512 512\" xmlns=\"http:\/\/www.w3.org\/2000\/svg\"><path d=\"M502.3 190.8c3.9-3.1 9.7-.2 9.7 4.7V400c0 26.5-21.5 48-48 48H48c-26.5 0-48-21.5-48-48V195.6c0-5 5.7-7.8 9.7-4.7 22.4 17.4 52.1 39.5 154.1 113.6 21.1 15.4 56.7 47.8 92.2 47.6 35.7.3 72-32.8 92.3-47.6 102-74.1 131.6-96.3 154-113.7zM256 320c23.2.4 56.6-29.2 73.4-41.4 132.7-96.3 142.8-104.7 173.4-128.7 5.8-4.5 9.2-11.5 9.2-18.9v-19c0-26.5-21.5-48-48-48H48C21.5 64 0 85.5 0 112v19c0 7.4 3.4 14.3 9.2 18.9 30.6 23.9 40.7 32.4 173.4 128.7 16.8 12.2 50.2 41.8 73.4 41.4z\"><\/path><\/svg>\t\t\t\t\t\t<\/span>\n\t\t\t\t\t\t\t\t\t\t<span class=\"elementor-icon-list-text\"><u>jennifer.pretli@wellington-altus.ca<\/u><\/span>\n\t\t\t\t\t\t\t\t\t\t\t<\/a>\n\t\t\t\t\t\t\t\t\t<\/li>\n\t\t\t\t\t\t<\/ul>\n\t\t\t\t\t\t<\/div>\n\t\t\t\t<\/div>\n\t\t\t\t<\/div>\n\t\t\t\t\t<\/div>\n\t\t\t\t<\/div>\n\t\t\t\t<\/div>","protected":false},"excerpt":{"rendered":"<p>Meet the team Matthew Campbell M.A., FCSI\u00ae Senior Investment Advisor &amp; Senior Portfolio Manager Matt studied at the University of Manitoba, where he obtained a Bachelor and a Master of Arts, with a focus on 19th century Canadian history. After completing university, he began his career as an investment advisor in 1986. Since then, he [&hellip;]<\/p>\n","protected":false},"author":149,"featured_media":0,"parent":0,"menu_order":0,"comment_status":"closed","ping_status":"closed","template":"elementor_header_footer","meta":{"_oasis_is_in_workflow":0,"_oasis_original":0,"_oasis_task_priority":"","_exactmetrics_skip_tracking":false,"_exactmetrics_sitenote_active":false,"_exactmetrics_sitenote_note":"","_exactmetrics_sitenote_category":0,"footnotes":""},"class_list":["post-145","page","type-page","status-publish","hentry"],"_links":{"self":[{"href":"https:\/\/advisor.wellington-altus.ca\/campbellwealthmanagement\/fr\/wp-json\/wp\/v2\/pages\/145","targetHints":{"allow":["GET"]}}],"collection":[{"href":"https:\/\/advisor.wellington-altus.ca\/campbellwealthmanagement\/fr\/wp-json\/wp\/v2\/pages"}],"about":[{"href":"https:\/\/advisor.wellington-altus.ca\/campbellwealthmanagement\/fr\/wp-json\/wp\/v2\/types\/page"}],"author":[{"embeddable":true,"href":"https:\/\/advisor.wellington-altus.ca\/campbellwealthmanagement\/fr\/wp-json\/wp\/v2\/users\/149"}],"replies":[{"embeddable":true,"href":"https:\/\/advisor.wellington-altus.ca\/campbellwealthmanagement\/fr\/wp-json\/wp\/v2\/comments?post=145"}],"version-history":[{"count":3,"href":"https:\/\/advisor.wellington-altus.ca\/campbellwealthmanagement\/fr\/wp-json\/wp\/v2\/pages\/145\/revisions"}],"predecessor-version":[{"id":574,"href":"https:\/\/advisor.wellington-altus.ca\/campbellwealthmanagement\/fr\/wp-json\/wp\/v2\/pages\/145\/revisions\/574"}],"wp:attachment":[{"href":"https:\/\/advisor.wellington-altus.ca\/campbellwealthmanagement\/fr\/wp-json\/wp\/v2\/media?parent=145"}],"curies":[{"name":"wp","href":"https:\/\/api.w.org\/{rel}","templated":true}]}}