{"id":2,"date":"2023-12-06T14:58:31","date_gmt":"2023-12-06T14:58:31","guid":{"rendered":"https:\/\/advisor.wellington-altus.ca\/campbellwealthmanagement-new\/?page_id=2"},"modified":"2025-01-31T00:43:13","modified_gmt":"2025-01-31T00:43:13","slug":"home","status":"publish","type":"page","link":"https:\/\/advisor.wellington-altus.ca\/campbellwealthmanagement\/fr\/","title":{"rendered":"Accueil"},"content":{"rendered":"<div data-elementor-type=\"wp-page\" data-elementor-id=\"2\" class=\"elementor elementor-2\" data-elementor-post-type=\"page\">\n\t\t\t\t<div class=\"elementor-element elementor-element-e22eece e-flex e-con-boxed e-con e-parent\" data-id=\"e22eece\" data-element_type=\"container\" data-e-type=\"container\" data-settings=\"{&quot;background_background&quot;:&quot;classic&quot;}\">\n\t\t\t\t\t<div class=\"e-con-inner\">\n\t\t<div class=\"elementor-element elementor-element-68bec2b e-con-full e-flex e-con e-child\" data-id=\"68bec2b\" data-element_type=\"container\" data-e-type=\"container\" data-settings=\"{&quot;background_background&quot;:&quot;classic&quot;}\">\n\t\t\t\t<div class=\"elementor-element elementor-element-ddb902a elementor-widget elementor-widget-heading\" data-id=\"ddb902a\" data-element_type=\"widget\" data-e-type=\"widget\" data-widget_type=\"heading.default\">\n\t\t\t\t<div class=\"elementor-widget-container\">\n\t\t\t\t\t<h2 class=\"elementor-heading-title elementor-size-default\">Gestion de patrimoine Campbell<\/h2>\t\t\t\t<\/div>\n\t\t\t\t<\/div>\n\t\t\t\t<div class=\"elementor-element elementor-element-32438b0 elementor-widget elementor-widget-text-editor\" data-id=\"32438b0\" data-element_type=\"widget\" data-e-type=\"widget\" data-widget_type=\"text-editor.default\">\n\t\t\t\t<div class=\"elementor-widget-container\">\n\t\t\t\t\t\t\t\t\t<p>L\u2019\u00e9quipe Gestion de patrimoine Campbell a plus de 35 ans d\u2019exp\u00e9rience \u00e0 aider les familles et les particuliers fortun\u00e9s \u00e0 la cr\u00e9ation et \u00e0 la pr\u00e9servation de leur patrimoine.<\/p><p>Notre principe de base en mati\u00e8re de gestion de placement est simple :<em>\u00ab Ne pas perdre l\u2019argent! \u00bb<\/em> C\u2019est le conseil fondamental que notre fondateur, D. Matthew Campbell, a appris tr\u00e8s t\u00f4t au d\u00e9but de sa carri\u00e8re dans le domaine des services financiers. Ainsi, lorsque nous construisons et g\u00e9rons des portefeuilles dont la volatilit\u00e9 est acceptable, notre s\u00e9lection des placements vise toujours \u00e0 \u00e9viter les pertes en capital.<\/p><p>Gr\u00e2ce \u00e0 ce principe et \u00e0 nos d\u00e9cennies d\u2019exp\u00e9rience, nous savons qu\u2019une s\u00e9lection appropri\u00e9e des placements dans le cadre d\u2019une approche holistique de la gestion de patrimoine est le meilleur moyen pour les familles de r\u00e9ussir financi\u00e8rement au fil du temps.<\/p>\t\t\t\t\t\t\t\t<\/div>\n\t\t\t\t<\/div>\n\t\t\t\t<div class=\"elementor-element elementor-element-b655970 elementor-align-left elementor-widget__width-initial elementor-mobile-align-left elementor-widget elementor-widget-button\" data-id=\"b655970\" data-element_type=\"widget\" data-e-type=\"widget\" data-widget_type=\"button.default\">\n\t\t\t\t<div class=\"elementor-widget-container\">\n\t\t\t\t\t\t\t\t\t<div class=\"elementor-button-wrapper\">\n\t\t\t\t\t<a class=\"elementor-button elementor-button-link elementor-size-lg\" href=\"https:\/\/advisor.wellington-altus.ca\/campbellwealthmanagement\/fr\/meet-the-team\/\">\n\t\t\t\t\t\t<span class=\"elementor-button-content-wrapper\">\n\t\t\t\t\t\t\t\t\t<span class=\"elementor-button-text\">Faites connaissance avec l\u2019\u00e9quipe<\/span>\n\t\t\t\t\t<\/span>\n\t\t\t\t\t<\/a>\n\t\t\t\t<\/div>\n\t\t\t\t\t\t\t\t<\/div>\n\t\t\t\t<\/div>\n\t\t\t\t<\/div>\n\t\t\t\t\t<\/div>\n\t\t\t\t<\/div>\n\t\t<div class=\"elementor-element elementor-element-edc731d e-con-full e-flex e-con e-parent\" data-id=\"edc731d\" data-element_type=\"container\" data-e-type=\"container\" data-settings=\"{&quot;background_background&quot;:&quot;classic&quot;}\">\n\t\t<div class=\"elementor-element elementor-element-c3d9261 e-con-full e-flex e-con e-child\" data-id=\"c3d9261\" data-element_type=\"container\" data-e-type=\"container\" data-settings=\"{&quot;background_background&quot;:&quot;classic&quot;}\">\n\t\t\t\t<\/div>\n\t\t\t\t<\/div>\n\t\t<div class=\"elementor-element elementor-element-1b6291c e-flex e-con-boxed e-con e-parent\" data-id=\"1b6291c\" data-element_type=\"container\" data-e-type=\"container\" data-settings=\"{&quot;background_background&quot;:&quot;classic&quot;}\">\n\t\t\t\t\t<div class=\"e-con-inner\">\n\t\t<div class=\"elementor-element elementor-element-742f9a1 e-con-full e-flex e-con e-child\" data-id=\"742f9a1\" data-element_type=\"container\" data-e-type=\"container\">\n\t\t\t\t<div class=\"elementor-element elementor-element-9b0c5e4 elementor-widget elementor-widget-heading\" data-id=\"9b0c5e4\" data-element_type=\"widget\" data-e-type=\"widget\" data-widget_type=\"heading.default\">\n\t\t\t\t<div class=\"elementor-widget-container\">\n\t\t\t\t\t<h2 class=\"elementor-heading-title elementor-size-default\">Solutions avant-gardistes\n<\/h2>\t\t\t\t<\/div>\n\t\t\t\t<\/div>\n\t\t\t\t<div class=\"elementor-element elementor-element-acc8977 elementor-widget elementor-widget-text-editor\" data-id=\"acc8977\" data-element_type=\"widget\" data-e-type=\"widget\" data-widget_type=\"text-editor.default\">\n\t\t\t\t<div class=\"elementor-widget-container\">\n\t\t\t\t\t\t\t\t\t<p>Nos solutions sont adapt\u00e9es \u00e0 votre situation unique pour vous apporter la tranquillit\u00e9 d\u2019esprit, maintenant et pour l\u2019avenir.<\/p>\t\t\t\t\t\t\t\t<\/div>\n\t\t\t\t<\/div>\n\t\t\t\t<\/div>\n\t\t<div class=\"elementor-element elementor-element-7a9b3ae e-con-full e-flex e-con e-child\" data-id=\"7a9b3ae\" data-element_type=\"container\" data-e-type=\"container\">\n\t\t\t\t<div class=\"elementor-element elementor-element-00ac592 elementor-widget elementor-widget-heading\" data-id=\"00ac592\" data-element_type=\"widget\" data-e-type=\"widget\" data-widget_type=\"heading.default\">\n\t\t\t\t<div class=\"elementor-widget-container\">\n\t\t\t\t\t<h3 class=\"elementor-heading-title elementor-size-default\">Portefeuilles priv\u00e9s Platine<\/h3>\t\t\t\t<\/div>\n\t\t\t\t<\/div>\n\t\t\t\t<div class=\"elementor-element elementor-element-c469ace elementor-widget elementor-widget-text-editor\" data-id=\"c469ace\" data-element_type=\"widget\" data-e-type=\"widget\" data-widget_type=\"text-editor.default\">\n\t\t\t\t<div class=\"elementor-widget-container\">\n\t\t\t\t\t\t\t\t\t<p>Un compte g\u00e9r\u00e9, unifi\u00e9 et surveill\u00e9 avec acc\u00e8s \u00e0 des gestionnaires de portefeuille de calibre mondial, diversifi\u00e9 selon la r\u00e9gion, le secteur et le type de placement.<\/p>\t\t\t\t\t\t\t\t<\/div>\n\t\t\t\t<\/div>\n\t\t\t\t<\/div>\n\t\t<div class=\"elementor-element elementor-element-9787859 e-con-full e-flex e-con e-child\" data-id=\"9787859\" data-element_type=\"container\" data-e-type=\"container\">\n\t\t\t\t<div class=\"elementor-element elementor-element-16ec60a elementor-widget elementor-widget-heading\" data-id=\"16ec60a\" data-element_type=\"widget\" data-e-type=\"widget\" data-widget_type=\"heading.default\">\n\t\t\t\t<div class=\"elementor-widget-container\">\n\t\t\t\t\t<h3 class=\"elementor-heading-title elementor-size-default\">Plateforme g\u00e9r\u00e9e et ax\u00e9e sur les conseils<\/h3>\t\t\t\t<\/div>\n\t\t\t\t<\/div>\n\t\t\t\t<div class=\"elementor-element elementor-element-525b6db elementor-widget elementor-widget-text-editor\" data-id=\"525b6db\" data-element_type=\"widget\" data-e-type=\"widget\" data-widget_type=\"text-editor.default\">\n\t\t\t\t<div class=\"elementor-widget-container\">\n\t\t\t\t\t\t\t\t\t<p>Une approche holistique qui combine les conseils d\u2019un gestionnaire de portefeuille inscrit et la gestion discr\u00e9tionnaire du patrimoine par des conseillers qui respectent les normes \u00e9lev\u00e9es de l\u2019industrie.<\/p>\t\t\t\t\t\t\t\t<\/div>\n\t\t\t\t<\/div>\n\t\t\t\t<\/div>\n\t\t<div class=\"elementor-element elementor-element-cdd0f8a e-con-full e-flex e-con e-child\" data-id=\"cdd0f8a\" data-element_type=\"container\" data-e-type=\"container\">\n\t\t\t\t<div class=\"elementor-element elementor-element-557ce51 elementor-widget elementor-widget-heading\" data-id=\"557ce51\" data-element_type=\"widget\" data-e-type=\"widget\" data-widget_type=\"heading.default\">\n\t\t\t\t<div class=\"elementor-widget-container\">\n\t\t\t\t\t<h3 class=\"elementor-heading-title elementor-size-default\">Courtage traditionnel<\/h3>\t\t\t\t<\/div>\n\t\t\t\t<\/div>\n\t\t\t\t<div class=\"elementor-element elementor-element-839d438 elementor-widget elementor-widget-text-editor\" data-id=\"839d438\" data-element_type=\"widget\" data-e-type=\"widget\" data-widget_type=\"text-editor.default\">\n\t\t\t\t<div class=\"elementor-widget-container\">\n\t\t\t\t\t\t\t\t\t<p>Une option de courtage \u00e0 commission pour les clients qui veulent participer \u00e0 la gestion de leurs placements, qu\u2019il s\u2019agisse de nouvelles \u00e9missions d\u2019entreprise, de collectes de fonds consortiales, d\u2019actions individuelles ou d\u2019obligations.<\/p>\t\t\t\t\t\t\t\t<\/div>\n\t\t\t\t<\/div>\n\t\t\t\t<\/div>\n\t\t<div class=\"elementor-element elementor-element-1b2f176 e-con-full e-flex e-con e-child\" data-id=\"1b2f176\" data-element_type=\"container\" data-e-type=\"container\">\n\t\t\t\t<div class=\"elementor-element elementor-element-60b8f00 elementor-align-center elementor-widget__width-initial elementor-mobile-align-left elementor-widget elementor-widget-button\" data-id=\"60b8f00\" data-element_type=\"widget\" data-e-type=\"widget\" data-widget_type=\"button.default\">\n\t\t\t\t<div class=\"elementor-widget-container\">\n\t\t\t\t\t\t\t\t\t<div class=\"elementor-button-wrapper\">\n\t\t\t\t\t<a class=\"elementor-button elementor-button-link elementor-size-lg\" href=\"#contact-form\">\n\t\t\t\t\t\t<span class=\"elementor-button-content-wrapper\">\n\t\t\t\t\t\t\t\t\t<span class=\"elementor-button-text\">Contactez-nous<\/span>\n\t\t\t\t\t<\/span>\n\t\t\t\t\t<\/a>\n\t\t\t\t<\/div>\n\t\t\t\t\t\t\t\t<\/div>\n\t\t\t\t<\/div>\n\t\t\t\t<\/div>\n\t\t\t\t\t<\/div>\n\t\t\t\t<\/div>\n\t\t<div class=\"elementor-element elementor-element-c4a11f5 e-con-full e-flex e-con e-parent\" data-id=\"c4a11f5\" data-element_type=\"container\" data-e-type=\"container\">\n\t\t<div class=\"elementor-element elementor-element-c10594b e-con-full e-flex e-con e-child\" data-id=\"c10594b\" data-element_type=\"container\" data-e-type=\"container\" data-settings=\"{&quot;background_background&quot;:&quot;classic&quot;}\">\n\t\t\t\t<div class=\"elementor-element elementor-element-755b8df elementor-widget elementor-widget-heading\" data-id=\"755b8df\" data-element_type=\"widget\" data-e-type=\"widget\" data-widget_type=\"heading.default\">\n\t\t\t\t<div class=\"elementor-widget-container\">\n\t\t\t\t\t<h2 class=\"elementor-heading-title elementor-size-default\">Exp\u00e9rience + Ind\u00e9pendance<\/h2>\t\t\t\t<\/div>\n\t\t\t\t<\/div>\n\t\t\t\t<div class=\"elementor-element elementor-element-b2992b0 elementor-widget elementor-widget-text-editor\" data-id=\"b2992b0\" data-element_type=\"widget\" data-e-type=\"widget\" data-widget_type=\"text-editor.default\">\n\t\t\t\t<div class=\"elementor-widget-container\">\n\t\t\t\t\t\t\t\t\t<p>Notre \u00e9quipe fondatrice chez Wellington-Altus Gestion Priv\u00e9e a une vision globale de la gestion de patrimoine. Elle repr\u00e9sente des ann\u00e9es d\u2019expertise, de coh\u00e9rence, de stabilit\u00e9 et de confiance.<\/p>\t\t\t\t\t\t\t\t<\/div>\n\t\t\t\t<\/div>\n\t\t\t\t<div class=\"elementor-element elementor-element-9f5cf60 elementor-align-left elementor-widget__width-initial elementor-mobile-align-center elementor-hidden-widescreen elementor-hidden-desktop elementor-hidden-laptop elementor-hidden-tablet_extra elementor-hidden-tablet elementor-hidden-mobile_extra elementor-hidden-mobile elementor-widget elementor-widget-button\" data-id=\"9f5cf60\" data-element_type=\"widget\" data-e-type=\"widget\" data-widget_type=\"button.default\">\n\t\t\t\t<div class=\"elementor-widget-container\">\n\t\t\t\t\t\t\t\t\t<div class=\"elementor-button-wrapper\">\n\t\t\t\t\t<a class=\"elementor-button elementor-button-link elementor-size-lg\" href=\"https:\/\/advisor.wellington-altus.ca\/campbellwealthmanagement-new\/meet-the-team\/\">\n\t\t\t\t\t\t<span class=\"elementor-button-content-wrapper\">\n\t\t\t\t\t\t\t\t\t<span class=\"elementor-button-text\">READ OUR BLOG<\/span>\n\t\t\t\t\t<\/span>\n\t\t\t\t\t<\/a>\n\t\t\t\t<\/div>\n\t\t\t\t\t\t\t\t<\/div>\n\t\t\t\t<\/div>\n\t\t\t\t<\/div>\n\t\t<div class=\"elementor-element elementor-element-3d457a7 e-con-full e-flex e-con e-child\" data-id=\"3d457a7\" data-element_type=\"container\" data-e-type=\"container\" data-settings=\"{&quot;background_background&quot;:&quot;classic&quot;}\">\n\t\t\t\t<\/div>\n\t\t\t\t<\/div>\n\t\t<div class=\"elementor-element elementor-element-f57d21a e-con-full e-flex e-con e-parent\" data-id=\"f57d21a\" data-element_type=\"container\" data-e-type=\"container\">\n\t\t<div class=\"elementor-element elementor-element-b94d2a3 e-con-full e-flex e-con e-child\" data-id=\"b94d2a3\" data-element_type=\"container\" data-e-type=\"container\" data-settings=\"{&quot;background_background&quot;:&quot;classic&quot;}\">\n\t\t\t\t<div class=\"elementor-element elementor-element-3359760 elementor-widget elementor-widget-image\" data-id=\"3359760\" data-element_type=\"widget\" data-e-type=\"widget\" data-widget_type=\"image.default\">\n\t\t\t\t<div class=\"elementor-widget-container\">\n\t\t\t\t\t\t\t\t\t\t\t\t\t\t\t<img fetchpriority=\"high\" decoding=\"async\" width=\"1200\" height=\"1008\" src=\"https:\/\/advisor.wellington-altus.ca\/campbellwealthmanagement\/wp-content\/uploads\/sites\/224\/2024\/10\/Campbell-Wealth-Management-Team-Photo-1.jpg\" class=\"attachment-full size-full wp-image-445\" alt=\"\" srcset=\"https:\/\/advisor.wellington-altus.ca\/campbellwealthmanagement\/wp-content\/uploads\/sites\/224\/2024\/10\/Campbell-Wealth-Management-Team-Photo-1.jpg 1200w, https:\/\/advisor.wellington-altus.ca\/campbellwealthmanagement\/wp-content\/uploads\/sites\/224\/2024\/10\/Campbell-Wealth-Management-Team-Photo-1-300x252.jpg 300w, https:\/\/advisor.wellington-altus.ca\/campbellwealthmanagement\/wp-content\/uploads\/sites\/224\/2024\/10\/Campbell-Wealth-Management-Team-Photo-1-1024x860.jpg 1024w, https:\/\/advisor.wellington-altus.ca\/campbellwealthmanagement\/wp-content\/uploads\/sites\/224\/2024\/10\/Campbell-Wealth-Management-Team-Photo-1-768x645.jpg 768w\" sizes=\"(max-width: 1200px) 100vw, 1200px\" \/>\t\t\t\t\t\t\t\t\t\t\t\t\t\t\t<\/div>\n\t\t\t\t<\/div>\n\t\t\t\t<\/div>\n\t\t<div class=\"elementor-element elementor-element-0755ddc e-con-full e-flex e-con e-child\" data-id=\"0755ddc\" data-element_type=\"container\" data-e-type=\"container\" data-settings=\"{&quot;background_background&quot;:&quot;classic&quot;}\">\n\t\t\t\t<div class=\"elementor-element elementor-element-2ecc43b elementor-widget elementor-widget-heading\" data-id=\"2ecc43b\" data-element_type=\"widget\" data-e-type=\"widget\" data-widget_type=\"heading.default\">\n\t\t\t\t<div class=\"elementor-widget-container\">\n\t\t\t\t\t<h2 class=\"elementor-heading-title elementor-size-default\">Conseils complets<br> en gestion de patrimoine<\/h2>\t\t\t\t<\/div>\n\t\t\t\t<\/div>\n\t\t\t\t<div class=\"elementor-element elementor-element-39bca42 elementor-widget elementor-widget-text-editor\" data-id=\"39bca42\" data-element_type=\"widget\" data-e-type=\"widget\" data-widget_type=\"text-editor.default\">\n\t\t\t\t<div class=\"elementor-widget-container\">\n\t\t\t\t\t\t\t\t\t<p>Les conseillers de Wellington-Altus Gestion Priv\u00e9e <br>sont des entrepreneurs qui valorisent une approche ind\u00e9pendante en mati\u00e8re de placement et de gestion du patrimoine. Il s\u2019agit d\u2019une approche qui accorde la priorit\u00e9 aux clients.<\/p>\t\t\t\t\t\t\t\t<\/div>\n\t\t\t\t<\/div>\n\t\t\t\t<\/div>\n\t\t\t\t<\/div>\n\t\t\t\t<\/div>","protected":false},"excerpt":{"rendered":"<p>Campbell Wealth Management At Campbell Wealth Management, we have over 35 years of experience helping high-net-worth individuals and families successfully create and sustain wealth. Our core investment management principle is simple: \u201cDon\u2019t lose the money!\u201d \u2013 foundational advice that our founder, D. Matthew Campbell, learned early on in his financial services career. This means that [&hellip;]<\/p>\n","protected":false},"author":198,"featured_media":0,"parent":0,"menu_order":0,"comment_status":"closed","ping_status":"closed","template":"elementor_header_footer","meta":{"_oasis_is_in_workflow":0,"_oasis_original":0,"_oasis_task_priority":"","_exactmetrics_skip_tracking":false,"_exactmetrics_sitenote_active":false,"_exactmetrics_sitenote_note":"","_exactmetrics_sitenote_category":0,"footnotes":""},"class_list":["post-2","page","type-page","status-publish","hentry"],"_links":{"self":[{"href":"https:\/\/advisor.wellington-altus.ca\/campbellwealthmanagement\/fr\/wp-json\/wp\/v2\/pages\/2","targetHints":{"allow":["GET"]}}],"collection":[{"href":"https:\/\/advisor.wellington-altus.ca\/campbellwealthmanagement\/fr\/wp-json\/wp\/v2\/pages"}],"about":[{"href":"https:\/\/advisor.wellington-altus.ca\/campbellwealthmanagement\/fr\/wp-json\/wp\/v2\/types\/page"}],"author":[{"embeddable":true,"href":"https:\/\/advisor.wellington-altus.ca\/campbellwealthmanagement\/fr\/wp-json\/wp\/v2\/users\/198"}],"replies":[{"embeddable":true,"href":"https:\/\/advisor.wellington-altus.ca\/campbellwealthmanagement\/fr\/wp-json\/wp\/v2\/comments?post=2"}],"version-history":[{"count":28,"href":"https:\/\/advisor.wellington-altus.ca\/campbellwealthmanagement\/fr\/wp-json\/wp\/v2\/pages\/2\/revisions"}],"predecessor-version":[{"id":635,"href":"https:\/\/advisor.wellington-altus.ca\/campbellwealthmanagement\/fr\/wp-json\/wp\/v2\/pages\/2\/revisions\/635"}],"wp:attachment":[{"href":"https:\/\/advisor.wellington-altus.ca\/campbellwealthmanagement\/fr\/wp-json\/wp\/v2\/media?parent=2"}],"curies":[{"name":"wp","href":"https:\/\/api.w.org\/{rel}","templated":true}]}}