{"id":680,"date":"2025-03-18T20:17:51","date_gmt":"2025-03-18T20:17:51","guid":{"rendered":"https:\/\/advisor.wellington-altus.ca\/campbellwealthmanagement\/?page_id=680"},"modified":"2025-06-10T20:13:15","modified_gmt":"2025-06-10T20:13:15","slug":"newsroom","status":"publish","type":"page","link":"https:\/\/advisor.wellington-altus.ca\/campbellwealthmanagement\/fr\/newsroom\/","title":{"rendered":"Newsroom"},"content":{"rendered":"<div data-elementor-type=\"wp-page\" data-elementor-id=\"680\" class=\"elementor elementor-680\" data-elementor-post-type=\"page\">\n\t\t\t\t<div class=\"elementor-element elementor-element-dde970d e-flex e-con-boxed e-con e-parent\" data-id=\"dde970d\" data-element_type=\"container\" data-e-type=\"container\" data-settings=\"{&quot;background_background&quot;:&quot;classic&quot;}\">\n\t\t\t\t\t<div class=\"e-con-inner\">\n\t\t\t\t<div class=\"elementor-element elementor-element-591f14b elementor-widget elementor-widget-heading\" data-id=\"591f14b\" data-element_type=\"widget\" data-e-type=\"widget\" data-widget_type=\"heading.default\">\n\t\t\t\t<div class=\"elementor-widget-container\">\n\t\t\t\t\t<h2 class=\"elementor-heading-title elementor-size-default\">Newsroom<\/h2>\t\t\t\t<\/div>\n\t\t\t\t<\/div>\n\t\t\t\t\t<\/div>\n\t\t\t\t<\/div>\n\t\t<div class=\"elementor-element elementor-element-9bed519 e-flex e-con-boxed e-con e-parent\" data-id=\"9bed519\" data-element_type=\"container\" data-e-type=\"container\">\n\t\t\t\t\t<div class=\"e-con-inner\">\n\t\t\t\t<div class=\"elementor-element elementor-element-a1a8628 uael-equal__height-yes uael-posts-thumbnail-ratio elementor-widget elementor-widget-uael-posts\" data-id=\"a1a8628\" data-element_type=\"widget\" data-e-type=\"widget\" data-settings=\"{&quot;classic_slides_to_show&quot;:3,&quot;classic_slides_to_show_tablet&quot;:2,&quot;classic_slides_to_show_mobile&quot;:1,&quot;classic_pagination_type&quot;:&quot;ajax&quot;}\" data-widget_type=\"uael-posts.classic\">\n\t\t\t\t<div class=\"elementor-widget-container\">\n\t\t\t\t\t\t\t<div class=\"uael-post__header\">\n\t\t\t\t\t<\/div>\n\t\t<div class=\"uael-post__body\">\n\t\t\t\n\t\t\n\t\t<div class=\"uael-blog-terms-position- uael-post-image-top uael-post-grid uael-posts\" data-query-type=\"custom\" data-structure=\"normal\" data-layout=\"\" data-page=\"680\" data-skin=\"classic\" data-filter-default=\"\" data-offset-top=\"30\" >\n\n\t\t\t\t\t\t\t<div class=\"uael-post-grid__inner uael-post__columns-3 uael-post__columns-tablet-2 uael-post__columns-mobile-1\">\n\t\t\t\n<div class=\"uael-post-wrapper   uncategorized\">\n\t<div class=\"uael-post__bg-wrap uael-bg-wrap-disabled\">\n\n\t\t\t\t\n\t\t<div class=\"uael-post__inner-wrap uael-inner-wrap-disabled\">\n\n\t\t\t\t<div class=\"uael-post__thumbnail\">\n\t\t\t\n\t\t\t<a href=\"https:\/\/advisor.wellington-altus.ca\/campbellwealthmanagement\/fr\/investment-insight-autumn-2025\/\" target=\"_self\" title=\"Investment Insight &#8211; Autumn 2025\"><img fetchpriority=\"high\" decoding=\"async\" width=\"483\" height=\"275\" src=\"https:\/\/advisor.wellington-altus.ca\/campbellwealthmanagement\/wp-content\/uploads\/sites\/224\/2025\/10\/Investment-Insights-Fall.png\" class=\"attachment-large size-large wp-image-753\" alt=\"Investment Insights Fall\" srcset=\"https:\/\/advisor.wellington-altus.ca\/campbellwealthmanagement\/wp-content\/uploads\/sites\/224\/2025\/10\/Investment-Insights-Fall.png 483w, https:\/\/advisor.wellington-altus.ca\/campbellwealthmanagement\/wp-content\/uploads\/sites\/224\/2025\/10\/Investment-Insights-Fall-300x171.png 300w, https:\/\/advisor.wellington-altus.ca\/campbellwealthmanagement\/wp-content\/uploads\/sites\/224\/2025\/10\/Investment-Insights-Fall-18x10.png 18w\" sizes=\"(max-width: 483px) 100vw, 483px\" \/><\/a>\n\t\t\t\t\t<\/div>\n\t\t\n\t\t\t\n\t\t\t<div class=\"uael-post__content-wrap uael-content-wrap-disabled\">\n\t\t\t\t\t<h3 class=\"uael-post__title\">\n\n\t\t\n\t\t\t\t\t\t<a href=\"https:\/\/advisor.wellington-altus.ca\/campbellwealthmanagement\/fr\/investment-insight-autumn-2025\/\" target=\"_self\">\n\t\t\t\tInvestment Insight &#8211; Autumn 2025\t\t\t<\/a>\n\n\t\t\t\t<\/h3>\n\t\t\t\t\t<div class=\"uael-post__meta-data\">\n\t\t\t\t\t<span class=\"uael-post__date\">\n\t\t\t\t\t\t\t\t\t\t\t\t\t\t\t\t\t\t\t\t\t\t\n\t\t\toctobre 2, 2025\t\t<\/span>\n\t\t\t\t<\/div>\n\t\t\n\t\t<div class=\"uael-post__excerpt\">\n\t\t\tMarkets rarely linger in equilibrium. The pendulum of sentiment swings between fear and greed, and this year has been no exception. After April\u2019s lows, the ...\t\t<\/div>\n\n\t\t\t\t\t<a class=\"uael-post__read-more elementor-button\" href=\"https:\/\/advisor.wellington-altus.ca\/campbellwealthmanagement\/fr\/investment-insight-autumn-2025\/\" target=\"_self\" aria-labelledby=\"uael-post-746\">\n\t\t\t\t\t<span class=\"elementor-button-content-wrapper\">\n\t\t\t\t\t\t\t\t\t\t\t\t\t\t<span class=\"elementor-button-icon elementor-align-icon-left\">\n\n\t\t\t\t\t\t\t\t\t\n\t\t\t\t\t\t\t\t<\/span>\n\t\t\t\t\t\t\t\t\t\t\t\t\t\n\t\t\t\t\t\t<span class=\"elementor-button-text\" id=\"uael-post-746\">Read More \u2192<\/span>\n\t\t\t\t\t<\/span>\n\t\t\t\t<\/a>\n\t\t\t\t\t\t<\/div>\n\t\t\t\n\t\t<\/div>\n\t\t\n\t<\/div>\n\n<\/div>\n\n<div class=\"uael-post-wrapper   video\">\n\t<div class=\"uael-post__bg-wrap uael-bg-wrap-disabled\">\n\n\t\t\t\t\n\t\t<div class=\"uael-post__inner-wrap uael-inner-wrap-disabled\">\n\n\t\t\t\t<div class=\"uael-post__thumbnail\">\n\t\t\t\n\t\t\t<a href=\"https:\/\/advisor.wellington-altus.ca\/campbellwealthmanagement\/fr\/from-enlightenment-to-markets-campbell-wealth-management\/\" target=\"_self\" title=\"From Enlightenment to Markets\"><img decoding=\"async\" width=\"800\" height=\"491\" src=\"https:\/\/advisor.wellington-altus.ca\/campbellwealthmanagement\/wp-content\/uploads\/sites\/224\/2025\/06\/Screenshot-2025-06-13-122610-copy-1024x628.webp\" class=\"attachment-large size-large wp-image-743\" alt=\"Image of Matthew Campbell\" srcset=\"https:\/\/advisor.wellington-altus.ca\/campbellwealthmanagement\/wp-content\/uploads\/sites\/224\/2025\/06\/Screenshot-2025-06-13-122610-copy-1024x628.webp 1024w, https:\/\/advisor.wellington-altus.ca\/campbellwealthmanagement\/wp-content\/uploads\/sites\/224\/2025\/06\/Screenshot-2025-06-13-122610-copy-300x184.webp 300w, https:\/\/advisor.wellington-altus.ca\/campbellwealthmanagement\/wp-content\/uploads\/sites\/224\/2025\/06\/Screenshot-2025-06-13-122610-copy-768x471.webp 768w, https:\/\/advisor.wellington-altus.ca\/campbellwealthmanagement\/wp-content\/uploads\/sites\/224\/2025\/06\/Screenshot-2025-06-13-122610-copy-18x12.webp 18w, https:\/\/advisor.wellington-altus.ca\/campbellwealthmanagement\/wp-content\/uploads\/sites\/224\/2025\/06\/Screenshot-2025-06-13-122610-copy.webp 1227w\" sizes=\"(max-width: 800px) 100vw, 800px\" \/><\/a>\n\t\t\t\t\t<\/div>\n\t\t\n\t\t\t\n\t\t\t<div class=\"uael-post__content-wrap uael-content-wrap-disabled\">\n\t\t\t\t\t<h3 class=\"uael-post__title\">\n\n\t\t\n\t\t\t\t\t\t<a href=\"https:\/\/advisor.wellington-altus.ca\/campbellwealthmanagement\/fr\/from-enlightenment-to-markets-campbell-wealth-management\/\" target=\"_self\">\n\t\t\t\tFrom Enlightenment to Markets\t\t\t<\/a>\n\n\t\t\t\t<\/h3>\n\t\t\t\t\t<div class=\"uael-post__meta-data\">\n\t\t\t\t\t<span class=\"uael-post__date\">\n\t\t\t\t\t\t\t\t\t\t\t\t\t\t\t\t\t\t\t\t\t\t\n\t\t\tjuin 13, 2025\t\t<\/span>\n\t\t\t\t<\/div>\n\t\t\n\t\t<div class=\"uael-post__excerpt\">\n\t\t\t\t\t<\/div>\n\n\t\t\t\t\t<a class=\"uael-post__read-more elementor-button\" href=\"https:\/\/advisor.wellington-altus.ca\/campbellwealthmanagement\/fr\/from-enlightenment-to-markets-campbell-wealth-management\/\" target=\"_self\" aria-labelledby=\"uael-post-741\">\n\t\t\t\t\t<span class=\"elementor-button-content-wrapper\">\n\t\t\t\t\t\t\t\t\t\t\t\t\t\t<span class=\"elementor-button-icon elementor-align-icon-left\">\n\n\t\t\t\t\t\t\t\t\t\n\t\t\t\t\t\t\t\t<\/span>\n\t\t\t\t\t\t\t\t\t\t\t\t\t\n\t\t\t\t\t\t<span class=\"elementor-button-text\" id=\"uael-post-741\">Read More \u2192<\/span>\n\t\t\t\t\t<\/span>\n\t\t\t\t<\/a>\n\t\t\t\t\t\t<\/div>\n\t\t\t\n\t\t<\/div>\n\t\t\n\t<\/div>\n\n<\/div>\n\n<div class=\"uael-post-wrapper   video\">\n\t<div class=\"uael-post__bg-wrap uael-bg-wrap-disabled\">\n\n\t\t\t\t\n\t\t<div class=\"uael-post__inner-wrap uael-inner-wrap-disabled\">\n\n\t\t\t\t<div class=\"uael-post__thumbnail\">\n\t\t\t\n\t\t\t<a href=\"https:\/\/advisor.wellington-altus.ca\/campbellwealthmanagement\/fr\/may-market-update\/\" target=\"_self\" title=\"May Market Update\"><img decoding=\"async\" width=\"800\" height=\"460\" src=\"https:\/\/advisor.wellington-altus.ca\/campbellwealthmanagement\/wp-content\/uploads\/sites\/224\/2025\/06\/May-Market-update-Campbell-WM.webp\" class=\"attachment-large size-large wp-image-730\" alt=\"Matthew Campbell - May market update featured image of video\" srcset=\"https:\/\/advisor.wellington-altus.ca\/campbellwealthmanagement\/wp-content\/uploads\/sites\/224\/2025\/06\/May-Market-update-Campbell-WM.webp 800w, https:\/\/advisor.wellington-altus.ca\/campbellwealthmanagement\/wp-content\/uploads\/sites\/224\/2025\/06\/May-Market-update-Campbell-WM-300x173.webp 300w, https:\/\/advisor.wellington-altus.ca\/campbellwealthmanagement\/wp-content\/uploads\/sites\/224\/2025\/06\/May-Market-update-Campbell-WM-768x442.webp 768w, https:\/\/advisor.wellington-altus.ca\/campbellwealthmanagement\/wp-content\/uploads\/sites\/224\/2025\/06\/May-Market-update-Campbell-WM-18x10.webp 18w\" sizes=\"(max-width: 800px) 100vw, 800px\" \/><\/a>\n\t\t\t\t\t<\/div>\n\t\t\n\t\t\t\n\t\t\t<div class=\"uael-post__content-wrap uael-content-wrap-disabled\">\n\t\t\t\t\t<h3 class=\"uael-post__title\">\n\n\t\t\n\t\t\t\t\t\t<a href=\"https:\/\/advisor.wellington-altus.ca\/campbellwealthmanagement\/fr\/may-market-update\/\" target=\"_self\">\n\t\t\t\tMay Market Update\t\t\t<\/a>\n\n\t\t\t\t<\/h3>\n\t\t\t\t\t<div class=\"uael-post__meta-data\">\n\t\t\t\t\t<span class=\"uael-post__date\">\n\t\t\t\t\t\t\t\t\t\t\t\t\t\t\t\t\t\t\t\t\t\t\n\t\t\tjuin 10, 2025\t\t<\/span>\n\t\t\t\t<\/div>\n\t\t\n\t\t<div class=\"uael-post__excerpt\">\n\t\t\t\t\t<\/div>\n\n\t\t\t\t\t<a class=\"uael-post__read-more elementor-button\" href=\"https:\/\/advisor.wellington-altus.ca\/campbellwealthmanagement\/fr\/may-market-update\/\" target=\"_self\" aria-labelledby=\"uael-post-728\">\n\t\t\t\t\t<span class=\"elementor-button-content-wrapper\">\n\t\t\t\t\t\t\t\t\t\t\t\t\t\t<span class=\"elementor-button-icon elementor-align-icon-left\">\n\n\t\t\t\t\t\t\t\t\t\n\t\t\t\t\t\t\t\t<\/span>\n\t\t\t\t\t\t\t\t\t\t\t\t\t\n\t\t\t\t\t\t<span class=\"elementor-button-text\" id=\"uael-post-728\">Read More \u2192<\/span>\n\t\t\t\t\t<\/span>\n\t\t\t\t<\/a>\n\t\t\t\t\t\t<\/div>\n\t\t\t\n\t\t<\/div>\n\t\t\n\t<\/div>\n\n<\/div>\n\n<div class=\"uael-post-wrapper   video\">\n\t<div class=\"uael-post__bg-wrap uael-bg-wrap-disabled\">\n\n\t\t\t\t\n\t\t<div class=\"uael-post__inner-wrap uael-inner-wrap-disabled\">\n\n\t\t\t\t<div class=\"uael-post__thumbnail\">\n\t\t\t\n\t\t\t<a href=\"https:\/\/advisor.wellington-altus.ca\/campbellwealthmanagement\/fr\/insights-from-warren-buffett\/\" target=\"_self\" title=\"Insights from Warren Buffett\"><img loading=\"lazy\" decoding=\"async\" width=\"800\" height=\"590\" src=\"https:\/\/advisor.wellington-altus.ca\/campbellwealthmanagement\/wp-content\/uploads\/sites\/224\/2025\/05\/Image-of-Warren-Buffett.webp\" class=\"attachment-large size-large wp-image-724\" alt=\"Image of Warren Buffett\" srcset=\"https:\/\/advisor.wellington-altus.ca\/campbellwealthmanagement\/wp-content\/uploads\/sites\/224\/2025\/05\/Image-of-Warren-Buffett.webp 882w, https:\/\/advisor.wellington-altus.ca\/campbellwealthmanagement\/wp-content\/uploads\/sites\/224\/2025\/05\/Image-of-Warren-Buffett-300x221.webp 300w, https:\/\/advisor.wellington-altus.ca\/campbellwealthmanagement\/wp-content\/uploads\/sites\/224\/2025\/05\/Image-of-Warren-Buffett-768x567.webp 768w, https:\/\/advisor.wellington-altus.ca\/campbellwealthmanagement\/wp-content\/uploads\/sites\/224\/2025\/05\/Image-of-Warren-Buffett-16x12.webp 16w\" sizes=\"(max-width: 800px) 100vw, 800px\" \/><\/a>\n\t\t\t\t\t<\/div>\n\t\t\n\t\t\t\n\t\t\t<div class=\"uael-post__content-wrap uael-content-wrap-disabled\">\n\t\t\t\t\t<h3 class=\"uael-post__title\">\n\n\t\t\n\t\t\t\t\t\t<a href=\"https:\/\/advisor.wellington-altus.ca\/campbellwealthmanagement\/fr\/insights-from-warren-buffett\/\" target=\"_self\">\n\t\t\t\tInsights from Warren Buffett\t\t\t<\/a>\n\n\t\t\t\t<\/h3>\n\t\t\t\t\t<div class=\"uael-post__meta-data\">\n\t\t\t\t\t<span class=\"uael-post__date\">\n\t\t\t\t\t\t\t\t\t\t\t\t\t\t\t\t\t\t\t\t\t\t\n\t\t\tmai 13, 2025\t\t<\/span>\n\t\t\t\t<\/div>\n\t\t\n\t\t<div class=\"uael-post__excerpt\">\n\t\t\t\t\t<\/div>\n\n\t\t\t\t\t<a class=\"uael-post__read-more elementor-button\" href=\"https:\/\/advisor.wellington-altus.ca\/campbellwealthmanagement\/fr\/insights-from-warren-buffett\/\" target=\"_self\" aria-labelledby=\"uael-post-723\">\n\t\t\t\t\t<span class=\"elementor-button-content-wrapper\">\n\t\t\t\t\t\t\t\t\t\t\t\t\t\t<span class=\"elementor-button-icon elementor-align-icon-left\">\n\n\t\t\t\t\t\t\t\t\t\n\t\t\t\t\t\t\t\t<\/span>\n\t\t\t\t\t\t\t\t\t\t\t\t\t\n\t\t\t\t\t\t<span class=\"elementor-button-text\" id=\"uael-post-723\">Read More \u2192<\/span>\n\t\t\t\t\t<\/span>\n\t\t\t\t<\/a>\n\t\t\t\t\t\t<\/div>\n\t\t\t\n\t\t<\/div>\n\t\t\n\t<\/div>\n\n<\/div>\n\n<div class=\"uael-post-wrapper   video\">\n\t<div class=\"uael-post__bg-wrap uael-bg-wrap-disabled\">\n\n\t\t\t\t\n\t\t<div class=\"uael-post__inner-wrap uael-inner-wrap-disabled\">\n\n\t\t\t\t<div class=\"uael-post__thumbnail\">\n\t\t\t\n\t\t\t<a href=\"https:\/\/advisor.wellington-altus.ca\/campbellwealthmanagement\/fr\/stock-price-changes-in-active-markets\/\" target=\"_self\" title=\"Stock Price Changes in Active Markets\"><img loading=\"lazy\" decoding=\"async\" width=\"800\" height=\"460\" src=\"https:\/\/advisor.wellington-altus.ca\/campbellwealthmanagement\/wp-content\/uploads\/sites\/224\/2025\/05\/Matthew-Campbell-Stock-price-change-featured-image-of-video.webp\" class=\"attachment-large size-large wp-image-721\" alt=\"Matthew Campbell - Stock price change featured image of video\" srcset=\"https:\/\/advisor.wellington-altus.ca\/campbellwealthmanagement\/wp-content\/uploads\/sites\/224\/2025\/05\/Matthew-Campbell-Stock-price-change-featured-image-of-video.webp 800w, https:\/\/advisor.wellington-altus.ca\/campbellwealthmanagement\/wp-content\/uploads\/sites\/224\/2025\/05\/Matthew-Campbell-Stock-price-change-featured-image-of-video-300x173.webp 300w, https:\/\/advisor.wellington-altus.ca\/campbellwealthmanagement\/wp-content\/uploads\/sites\/224\/2025\/05\/Matthew-Campbell-Stock-price-change-featured-image-of-video-768x442.webp 768w, https:\/\/advisor.wellington-altus.ca\/campbellwealthmanagement\/wp-content\/uploads\/sites\/224\/2025\/05\/Matthew-Campbell-Stock-price-change-featured-image-of-video-18x10.webp 18w\" sizes=\"(max-width: 800px) 100vw, 800px\" \/><\/a>\n\t\t\t\t\t<\/div>\n\t\t\n\t\t\t\n\t\t\t<div class=\"uael-post__content-wrap uael-content-wrap-disabled\">\n\t\t\t\t\t<h3 class=\"uael-post__title\">\n\n\t\t\n\t\t\t\t\t\t<a href=\"https:\/\/advisor.wellington-altus.ca\/campbellwealthmanagement\/fr\/stock-price-changes-in-active-markets\/\" target=\"_self\">\n\t\t\t\tStock Price Changes in Active Markets\t\t\t<\/a>\n\n\t\t\t\t<\/h3>\n\t\t\t\t\t<div class=\"uael-post__meta-data\">\n\t\t\t\t\t<span class=\"uael-post__date\">\n\t\t\t\t\t\t\t\t\t\t\t\t\t\t\t\t\t\t\t\t\t\t\n\t\t\tmai 13, 2025\t\t<\/span>\n\t\t\t\t<\/div>\n\t\t\n\t\t<div class=\"uael-post__excerpt\">\n\t\t\t\t\t<\/div>\n\n\t\t\t\t\t<a class=\"uael-post__read-more elementor-button\" href=\"https:\/\/advisor.wellington-altus.ca\/campbellwealthmanagement\/fr\/stock-price-changes-in-active-markets\/\" target=\"_self\" aria-labelledby=\"uael-post-717\">\n\t\t\t\t\t<span class=\"elementor-button-content-wrapper\">\n\t\t\t\t\t\t\t\t\t\t\t\t\t\t<span class=\"elementor-button-icon elementor-align-icon-left\">\n\n\t\t\t\t\t\t\t\t\t\n\t\t\t\t\t\t\t\t<\/span>\n\t\t\t\t\t\t\t\t\t\t\t\t\t\n\t\t\t\t\t\t<span class=\"elementor-button-text\" id=\"uael-post-717\">Read More \u2192<\/span>\n\t\t\t\t\t<\/span>\n\t\t\t\t<\/a>\n\t\t\t\t\t\t<\/div>\n\t\t\t\n\t\t<\/div>\n\t\t\n\t<\/div>\n\n<\/div>\n\n<div class=\"uael-post-wrapper   video\">\n\t<div class=\"uael-post__bg-wrap uael-bg-wrap-disabled\">\n\n\t\t\t\t\n\t\t<div class=\"uael-post__inner-wrap uael-inner-wrap-disabled\">\n\n\t\t\t\t<div class=\"uael-post__thumbnail\">\n\t\t\t\n\t\t\t<a href=\"https:\/\/advisor.wellington-altus.ca\/campbellwealthmanagement\/fr\/market-update\/\" target=\"_self\" title=\"Market Update\"><img loading=\"lazy\" decoding=\"async\" width=\"800\" height=\"419\" src=\"https:\/\/advisor.wellington-altus.ca\/campbellwealthmanagement\/wp-content\/uploads\/sites\/224\/2025\/03\/Market-update-cover2-1024x536.webp\" class=\"attachment-large size-large wp-image-703\" alt=\"\" srcset=\"https:\/\/advisor.wellington-altus.ca\/campbellwealthmanagement\/wp-content\/uploads\/sites\/224\/2025\/03\/Market-update-cover2-1024x536.webp 1024w, https:\/\/advisor.wellington-altus.ca\/campbellwealthmanagement\/wp-content\/uploads\/sites\/224\/2025\/03\/Market-update-cover2-300x157.webp 300w, https:\/\/advisor.wellington-altus.ca\/campbellwealthmanagement\/wp-content\/uploads\/sites\/224\/2025\/03\/Market-update-cover2-768x402.webp 768w, https:\/\/advisor.wellington-altus.ca\/campbellwealthmanagement\/wp-content\/uploads\/sites\/224\/2025\/03\/Market-update-cover2-1536x804.webp 1536w, https:\/\/advisor.wellington-altus.ca\/campbellwealthmanagement\/wp-content\/uploads\/sites\/224\/2025\/03\/Market-update-cover2-18x9.webp 18w, https:\/\/advisor.wellington-altus.ca\/campbellwealthmanagement\/wp-content\/uploads\/sites\/224\/2025\/03\/Market-update-cover2.webp 1741w\" sizes=\"(max-width: 800px) 100vw, 800px\" \/><\/a>\n\t\t\t\t\t<\/div>\n\t\t\n\t\t\t\n\t\t\t<div class=\"uael-post__content-wrap uael-content-wrap-disabled\">\n\t\t\t\t\t<h3 class=\"uael-post__title\">\n\n\t\t\n\t\t\t\t\t\t<a href=\"https:\/\/advisor.wellington-altus.ca\/campbellwealthmanagement\/fr\/market-update\/\" target=\"_self\">\n\t\t\t\tMarket Update\t\t\t<\/a>\n\n\t\t\t\t<\/h3>\n\t\t\t\t\t<div class=\"uael-post__meta-data\">\n\t\t\t\t\t<span class=\"uael-post__date\">\n\t\t\t\t\t\t\t\t\t\t\t\t\t\t\t\t\t\t\t\t\t\t\n\t\t\tmars 18, 2025\t\t<\/span>\n\t\t\t\t<\/div>\n\t\t\n\t\t<div class=\"uael-post__excerpt\">\n\t\t\t\t\t<\/div>\n\n\t\t\t\t\t<a class=\"uael-post__read-more elementor-button\" href=\"https:\/\/advisor.wellington-altus.ca\/campbellwealthmanagement\/fr\/market-update\/\" target=\"_self\" aria-labelledby=\"uael-post-675\">\n\t\t\t\t\t<span class=\"elementor-button-content-wrapper\">\n\t\t\t\t\t\t\t\t\t\t\t\t\t\t<span class=\"elementor-button-icon elementor-align-icon-left\">\n\n\t\t\t\t\t\t\t\t\t\n\t\t\t\t\t\t\t\t<\/span>\n\t\t\t\t\t\t\t\t\t\t\t\t\t\n\t\t\t\t\t\t<span class=\"elementor-button-text\" id=\"uael-post-675\">Read More \u2192<\/span>\n\t\t\t\t\t<\/span>\n\t\t\t\t<\/a>\n\t\t\t\t\t\t<\/div>\n\t\t\t\n\t\t<\/div>\n\t\t\n\t<\/div>\n\n<\/div>\n\t\t\t\t<\/div>\n\t\t\t\t\t\t\n\t\t<\/div>\n\n\t\t\t\t\t\t<\/div>\n\t\t<div class=\"uael-post__footer\">\n\t\t\t\t\t<\/div>\n\t\t\t\t\t\t<\/div>\n\t\t\t\t<\/div>\n\t\t\t\t\t<\/div>\n\t\t\t\t<\/div>\n\t\t<div class=\"elementor-element elementor-element-6dd3757 e-flex e-con-boxed e-con e-parent\" data-id=\"6dd3757\" data-element_type=\"container\" data-e-type=\"container\">\n\t\t\t\t\t<div class=\"e-con-inner\">\n\t\t\t\t<div class=\"elementor-element elementor-element-a01f6ff elementor-widget elementor-widget-text-editor\" data-id=\"a01f6ff\" data-element_type=\"widget\" data-e-type=\"widget\" data-widget_type=\"text-editor.default\">\n\t\t\t\t<div class=\"elementor-widget-container\">\n\t\t\t\t\t\t\t\t\t<p>Les renseignements contenus aux pr\u00e9sentes sont fournis \u00e0 titre informatif seulement. Les renseignements proviennent de sources jug\u00e9es fiables. Les graphiques, les tableaux et les autres donn\u00e9es chiffr\u00e9es sont utilis\u00e9s \u00e0 des fins illustratives seulement et ne refl\u00e8tent ni les valeurs futures ni le rendement futur d\u2019un placement. Ces renseignements ne sont pas des conseils financiers, juridiques ou fiscaux, ni des conseils en placement. Les strat\u00e9gies de placement, de n\u00e9gociation ou de fiscalit\u00e9 doivent \u00eatre \u00e9tudi\u00e9es en fonction des objectifs et de la tol\u00e9rance au risque de chacun. Le pr\u00e9sent document ne constitue pas une recommandation ou une sollicitation d\u2019achat ou de vente de titres de quelque nature que ce soit. Les conditions de march\u00e9 peuvent changer et avoir une incidence sur l\u2019information contenue dans le pr\u00e9sent document. \u202fLa soci\u00e9t\u00e9 Wellington-Altus Gestion Priv\u00e9e inc. (\u00ab WAGP \u00bb) ne garantit ni l\u2019exactitude ni l\u2019exhaustivit\u00e9 des renseignements contenus dans les pr\u00e9sentes, et ne saurait \u00eatre tenue responsable de toute perte subie par une personne qui se fierait \u00e0 ces renseignements.\u202f Avant de prendre une d\u00e9cision, veuillez communiquer avec votre conseiller financier.<\/p><p>\u00a9 Wellington-Altus Gestion Priv\u00e9e inc., 2025. TOUS DROITS R\u00c9SERV\u00c9S. AUCUNE UTILISATION OU REPRODUCTION SANS AUTORISATION.<\/p><p><a title=\"http:\/\/www.wellington-altus.ca\" href=\"http:\/\/www.wellington-altus.ca\" target=\"_blank\" rel=\"noopener noreferrer\" data-outlook-id=\"cc5084bd-f477-4bac-a07e-254a2b32a631\">www.wellington-altus.ca<\/a><\/p>\t\t\t\t\t\t\t\t<\/div>\n\t\t\t\t<\/div>\n\t\t\t\t\t<\/div>\n\t\t\t\t<\/div>\n\t\t\t\t<\/div>","protected":false},"excerpt":{"rendered":"<p>Newsroom May Market Update June 10, 2025 Read More \u2192 Insights from Warren Buffett May 13, 2025 Read More \u2192 Stock Price Changes in Active Markets May 13, 2025 Read More \u2192 Market Update March 18, 2025 Read More \u2192 The information contained herein has been provided for information purposes only. The information has been [&hellip;]<\/p>\n","protected":false},"author":193,"featured_media":0,"parent":0,"menu_order":0,"comment_status":"closed","ping_status":"closed","template":"elementor_header_footer","meta":{"_oasis_is_in_workflow":0,"_oasis_original":0,"_oasis_task_priority":"","_exactmetrics_skip_tracking":false,"_exactmetrics_sitenote_active":false,"_exactmetrics_sitenote_note":"","_exactmetrics_sitenote_category":0,"footnotes":""},"class_list":["post-680","page","type-page","status-publish","hentry"],"_links":{"self":[{"href":"https:\/\/advisor.wellington-altus.ca\/campbellwealthmanagement\/fr\/wp-json\/wp\/v2\/pages\/680","targetHints":{"allow":["GET"]}}],"collection":[{"href":"https:\/\/advisor.wellington-altus.ca\/campbellwealthmanagement\/fr\/wp-json\/wp\/v2\/pages"}],"about":[{"href":"https:\/\/advisor.wellington-altus.ca\/campbellwealthmanagement\/fr\/wp-json\/wp\/v2\/types\/page"}],"author":[{"embeddable":true,"href":"https:\/\/advisor.wellington-altus.ca\/campbellwealthmanagement\/fr\/wp-json\/wp\/v2\/users\/193"}],"replies":[{"embeddable":true,"href":"https:\/\/advisor.wellington-altus.ca\/campbellwealthmanagement\/fr\/wp-json\/wp\/v2\/comments?post=680"}],"version-history":[{"count":31,"href":"https:\/\/advisor.wellington-altus.ca\/campbellwealthmanagement\/fr\/wp-json\/wp\/v2\/pages\/680\/revisions"}],"predecessor-version":[{"id":739,"href":"https:\/\/advisor.wellington-altus.ca\/campbellwealthmanagement\/fr\/wp-json\/wp\/v2\/pages\/680\/revisions\/739"}],"wp:attachment":[{"href":"https:\/\/advisor.wellington-altus.ca\/campbellwealthmanagement\/fr\/wp-json\/wp\/v2\/media?parent=680"}],"curies":[{"name":"wp","href":"https:\/\/api.w.org\/{rel}","templated":true}]}}