{"id":262,"date":"2021-12-20T15:44:29","date_gmt":"2021-12-20T15:44:29","guid":{"rendered":"https:\/\/advisor.wellington-altus.ca\/emadsaad\/?page_id=262"},"modified":"2023-02-08T22:30:57","modified_gmt":"2023-02-08T22:30:57","slug":"home-fr","status":"publish","type":"page","link":"https:\/\/advisor.wellington-altus.ca\/emadsaad\/home-fr\/","title":{"rendered":"Home FR"},"content":{"rendered":"\t\t<div data-elementor-type=\"wp-post\" data-elementor-id=\"262\" class=\"elementor elementor-262\" data-elementor-post-type=\"page\">\n\t\t\t\t\t\t<section class=\"elementor-section elementor-top-section elementor-element elementor-element-cc68ef7 elementor-section-full_width elementor-reverse-mobile elementor-section-height-min-height elementor-section-items-stretch elementor-section-height-default\" data-id=\"cc68ef7\" data-element_type=\"section\" data-e-type=\"section\" data-settings=\"{&quot;animation&quot;:&quot;none&quot;}\">\n\t\t\t\t\t\t<div class=\"elementor-container elementor-column-gap-default\">\n\t\t\t\t\t<div class=\"elementor-column elementor-col-50 elementor-top-column elementor-element elementor-element-4902743\" data-id=\"4902743\" data-element_type=\"column\" data-e-type=\"column\" data-settings=\"{&quot;background_background&quot;:&quot;classic&quot;}\">\n\t\t\t<div class=\"elementor-widget-wrap elementor-element-populated\">\n\t\t\t\t\t\t<div class=\"elementor-element elementor-element-56aa0da elementor-widget elementor-widget-heading\" data-id=\"56aa0da\" data-element_type=\"widget\" data-e-type=\"widget\" data-widget_type=\"heading.default\">\n\t\t\t\t<div class=\"elementor-widget-container\">\n\t\t\t\t\t<h2 class=\"elementor-heading-title elementor-size-default\">Emad Saad et associ\u00e9s, Gestion priv\u00e9e de patrimoine<\/h2>\t\t\t\t<\/div>\n\t\t\t\t<\/div>\n\t\t\t\t<div class=\"elementor-element elementor-element-22f3355 elementor-widget elementor-widget-text-editor\" data-id=\"22f3355\" data-element_type=\"widget\" data-e-type=\"widget\" data-widget_type=\"text-editor.default\">\n\t\t\t\t<div class=\"elementor-widget-container\">\n\t\t\t\t\t\t\t\t\t<p><strong>En faire plus pour am\u00e9liorer votre vie<\/strong><\/p><p>Nous nous soucions de vous et de vos finances. Nous travaillons avec des familles d\u2019exception, et notre planification compl\u00e8te du patrimoine et notre gestion unique vous aident \u00e0 r\u00e9duire le stress financier, les imp\u00f4ts et les risques. Nous aimons notre travail, et \u00e7a se voit.<\/p>\t\t\t\t\t\t\t\t<\/div>\n\t\t\t\t<\/div>\n\t\t\t\t<div class=\"elementor-element elementor-element-28a1eb7 elementor-widget elementor-widget-button\" data-id=\"28a1eb7\" data-element_type=\"widget\" data-e-type=\"widget\" data-widget_type=\"button.default\">\n\t\t\t\t<div class=\"elementor-widget-container\">\n\t\t\t\t\t\t\t\t\t<div class=\"elementor-button-wrapper\">\n\t\t\t\t\t<a class=\"elementor-button elementor-button-link elementor-size-md\" href=\"https:\/\/advisor.wellington-altus.ca\/emadsaad\/meet-the-team-fr\/\">\n\t\t\t\t\t\t<span class=\"elementor-button-content-wrapper\">\n\t\t\t\t\t\t\t\t\t<span class=\"elementor-button-text\">Faites connaissance avec l\u2019\u00e9quipe<\/span>\n\t\t\t\t\t<\/span>\n\t\t\t\t\t<\/a>\n\t\t\t\t<\/div>\n\t\t\t\t\t\t\t\t<\/div>\n\t\t\t\t<\/div>\n\t\t\t\t\t<\/div>\n\t\t<\/div>\n\t\t\t\t<div class=\"elementor-column elementor-col-50 elementor-top-column elementor-element elementor-element-02a35d8\" data-id=\"02a35d8\" data-element_type=\"column\" data-e-type=\"column\" data-settings=\"{&quot;background_background&quot;:&quot;classic&quot;}\">\n\t\t\t<div class=\"elementor-widget-wrap elementor-element-populated\">\n\t\t\t\t\t\t<div class=\"elementor-element elementor-element-6540399 elementor-widget elementor-widget-image\" data-id=\"6540399\" data-element_type=\"widget\" data-e-type=\"widget\" data-widget_type=\"image.default\">\n\t\t\t\t<div class=\"elementor-widget-container\">\n\t\t\t\t\t\t\t\t\t\t\t\t\t\t\t<img fetchpriority=\"high\" decoding=\"async\" width=\"800\" height=\"808\" src=\"https:\/\/advisor.wellington-altus.ca\/emadsaad\/wp-content\/uploads\/sites\/116\/2022\/08\/Emad-Saad-Team-Photo-Aug-2022-1014x1024.jpg\" class=\"attachment-large size-large wp-image-579\" alt=\"Emad-Saad-Team\" srcset=\"https:\/\/advisor.wellington-altus.ca\/emadsaad\/wp-content\/uploads\/sites\/116\/2022\/08\/Emad-Saad-Team-Photo-Aug-2022-1014x1024.jpg 1014w, https:\/\/advisor.wellington-altus.ca\/emadsaad\/wp-content\/uploads\/sites\/116\/2022\/08\/Emad-Saad-Team-Photo-Aug-2022-297x300.jpg 297w, https:\/\/advisor.wellington-altus.ca\/emadsaad\/wp-content\/uploads\/sites\/116\/2022\/08\/Emad-Saad-Team-Photo-Aug-2022-768x776.jpg 768w, https:\/\/advisor.wellington-altus.ca\/emadsaad\/wp-content\/uploads\/sites\/116\/2022\/08\/Emad-Saad-Team-Photo-Aug-2022.jpg 1200w\" sizes=\"(max-width: 800px) 100vw, 800px\" \/>\t\t\t\t\t\t\t\t\t\t\t\t\t\t\t<\/div>\n\t\t\t\t<\/div>\n\t\t\t\t\t<\/div>\n\t\t<\/div>\n\t\t\t\t\t<\/div>\n\t\t<\/section>\n\t\t\t\t<section class=\"elementor-section elementor-top-section elementor-element elementor-element-c7c22f7 elementor-section-full_width elementor-section-stretched elementor-section-height-default elementor-section-height-default\" data-id=\"c7c22f7\" data-element_type=\"section\" data-e-type=\"section\" data-settings=\"{&quot;stretch_section&quot;:&quot;section-stretched&quot;}\">\n\t\t\t\t\t\t<div class=\"elementor-container elementor-column-gap-no\">\n\t\t\t\t\t<div class=\"elementor-column elementor-col-25 elementor-top-column elementor-element elementor-element-6baff59 elementor-invisible\" data-id=\"6baff59\" data-element_type=\"column\" data-e-type=\"column\" data-settings=\"{&quot;animation&quot;:&quot;fadeIn&quot;}\">\n\t\t\t<div class=\"elementor-widget-wrap elementor-element-populated\">\n\t\t\t\t\t\t<div class=\"elementor-element elementor-element-8a9b08f elementor-widget elementor-widget-image\" data-id=\"8a9b08f\" data-element_type=\"widget\" data-e-type=\"widget\" data-widget_type=\"image.default\">\n\t\t\t\t<div class=\"elementor-widget-container\">\n\t\t\t\t\t\t\t\t\t\t\t\t\t\t\t<img decoding=\"async\" width=\"1000\" height=\"1000\" src=\"https:\/\/advisor.wellington-altus.ca\/emadsaad\/wp-content\/uploads\/sites\/116\/2019\/07\/ThinkstockPhotos-sb10065851k-001.jpg\" class=\"attachment-full size-full wp-image-70\" alt=\"\" srcset=\"https:\/\/advisor.wellington-altus.ca\/emadsaad\/wp-content\/uploads\/sites\/116\/2019\/07\/ThinkstockPhotos-sb10065851k-001.jpg 1000w, https:\/\/advisor.wellington-altus.ca\/emadsaad\/wp-content\/uploads\/sites\/116\/2019\/07\/ThinkstockPhotos-sb10065851k-001-150x150.jpg 150w, https:\/\/advisor.wellington-altus.ca\/emadsaad\/wp-content\/uploads\/sites\/116\/2019\/07\/ThinkstockPhotos-sb10065851k-001-300x300.jpg 300w, https:\/\/advisor.wellington-altus.ca\/emadsaad\/wp-content\/uploads\/sites\/116\/2019\/07\/ThinkstockPhotos-sb10065851k-001-768x768.jpg 768w\" sizes=\"(max-width: 1000px) 100vw, 1000px\" \/>\t\t\t\t\t\t\t\t\t\t\t\t\t\t\t<\/div>\n\t\t\t\t<\/div>\n\t\t\t\t\t<\/div>\n\t\t<\/div>\n\t\t\t\t<div class=\"elementor-column elementor-col-25 elementor-top-column elementor-element elementor-element-8999af6 elementor-invisible\" data-id=\"8999af6\" data-element_type=\"column\" data-e-type=\"column\" data-settings=\"{&quot;animation&quot;:&quot;fadeIn&quot;,&quot;animation_delay&quot;:&quot;100&quot;}\">\n\t\t\t<div class=\"elementor-widget-wrap elementor-element-populated\">\n\t\t\t\t\t\t<div class=\"elementor-element elementor-element-3c4efee elementor-widget elementor-widget-image\" data-id=\"3c4efee\" data-element_type=\"widget\" data-e-type=\"widget\" data-widget_type=\"image.default\">\n\t\t\t\t<div class=\"elementor-widget-container\">\n\t\t\t\t\t\t\t\t\t\t\t\t\t\t\t<img decoding=\"async\" width=\"800\" height=\"800\" src=\"https:\/\/advisor.wellington-altus.ca\/emadsaad\/wp-content\/uploads\/sites\/116\/2019\/07\/ropes2.jpg\" class=\"attachment-large size-large wp-image-69\" alt=\"\" srcset=\"https:\/\/advisor.wellington-altus.ca\/emadsaad\/wp-content\/uploads\/sites\/116\/2019\/07\/ropes2.jpg 1000w, https:\/\/advisor.wellington-altus.ca\/emadsaad\/wp-content\/uploads\/sites\/116\/2019\/07\/ropes2-150x150.jpg 150w, https:\/\/advisor.wellington-altus.ca\/emadsaad\/wp-content\/uploads\/sites\/116\/2019\/07\/ropes2-300x300.jpg 300w, https:\/\/advisor.wellington-altus.ca\/emadsaad\/wp-content\/uploads\/sites\/116\/2019\/07\/ropes2-768x768.jpg 768w\" sizes=\"(max-width: 800px) 100vw, 800px\" \/>\t\t\t\t\t\t\t\t\t\t\t\t\t\t\t<\/div>\n\t\t\t\t<\/div>\n\t\t\t\t\t<\/div>\n\t\t<\/div>\n\t\t\t\t<div class=\"elementor-column elementor-col-25 elementor-top-column elementor-element elementor-element-cdf7185 elementor-invisible\" data-id=\"cdf7185\" data-element_type=\"column\" data-e-type=\"column\" data-settings=\"{&quot;animation&quot;:&quot;fadeIn&quot;,&quot;animation_delay&quot;:&quot;200&quot;}\">\n\t\t\t<div class=\"elementor-widget-wrap elementor-element-populated\">\n\t\t\t\t\t\t<div class=\"elementor-element elementor-element-d26b84c elementor-widget elementor-widget-image\" data-id=\"d26b84c\" data-element_type=\"widget\" data-e-type=\"widget\" data-widget_type=\"image.default\">\n\t\t\t\t<div class=\"elementor-widget-container\">\n\t\t\t\t\t\t\t\t\t\t\t\t\t\t\t<img loading=\"lazy\" decoding=\"async\" width=\"800\" height=\"800\" src=\"https:\/\/advisor.wellington-altus.ca\/emadsaad\/wp-content\/uploads\/sites\/116\/2019\/07\/ocean-patio2.jpg\" class=\"attachment-large size-large wp-image-72\" alt=\"\" srcset=\"https:\/\/advisor.wellington-altus.ca\/emadsaad\/wp-content\/uploads\/sites\/116\/2019\/07\/ocean-patio2.jpg 1000w, https:\/\/advisor.wellington-altus.ca\/emadsaad\/wp-content\/uploads\/sites\/116\/2019\/07\/ocean-patio2-150x150.jpg 150w, https:\/\/advisor.wellington-altus.ca\/emadsaad\/wp-content\/uploads\/sites\/116\/2019\/07\/ocean-patio2-300x300.jpg 300w, https:\/\/advisor.wellington-altus.ca\/emadsaad\/wp-content\/uploads\/sites\/116\/2019\/07\/ocean-patio2-768x768.jpg 768w\" sizes=\"(max-width: 800px) 100vw, 800px\" \/>\t\t\t\t\t\t\t\t\t\t\t\t\t\t\t<\/div>\n\t\t\t\t<\/div>\n\t\t\t\t\t<\/div>\n\t\t<\/div>\n\t\t\t\t<div class=\"elementor-column elementor-col-25 elementor-top-column elementor-element elementor-element-bf72cdf elementor-invisible\" data-id=\"bf72cdf\" data-element_type=\"column\" data-e-type=\"column\" data-settings=\"{&quot;animation&quot;:&quot;fadeIn&quot;,&quot;animation_delay&quot;:&quot;300&quot;}\">\n\t\t\t<div class=\"elementor-widget-wrap elementor-element-populated\">\n\t\t\t\t\t\t<div class=\"elementor-element elementor-element-a10ce89 elementor-widget elementor-widget-image\" data-id=\"a10ce89\" data-element_type=\"widget\" data-e-type=\"widget\" data-widget_type=\"image.default\">\n\t\t\t\t<div class=\"elementor-widget-container\">\n\t\t\t\t\t\t\t\t\t\t\t\t\t\t\t<img loading=\"lazy\" decoding=\"async\" width=\"800\" height=\"800\" src=\"https:\/\/advisor.wellington-altus.ca\/emadsaad\/wp-content\/uploads\/sites\/116\/2019\/07\/mountains2.jpg\" class=\"attachment-large size-large wp-image-71\" alt=\"\" srcset=\"https:\/\/advisor.wellington-altus.ca\/emadsaad\/wp-content\/uploads\/sites\/116\/2019\/07\/mountains2.jpg 1000w, https:\/\/advisor.wellington-altus.ca\/emadsaad\/wp-content\/uploads\/sites\/116\/2019\/07\/mountains2-150x150.jpg 150w, https:\/\/advisor.wellington-altus.ca\/emadsaad\/wp-content\/uploads\/sites\/116\/2019\/07\/mountains2-300x300.jpg 300w, https:\/\/advisor.wellington-altus.ca\/emadsaad\/wp-content\/uploads\/sites\/116\/2019\/07\/mountains2-768x768.jpg 768w\" sizes=\"(max-width: 800px) 100vw, 800px\" \/>\t\t\t\t\t\t\t\t\t\t\t\t\t\t\t<\/div>\n\t\t\t\t<\/div>\n\t\t\t\t\t<\/div>\n\t\t<\/div>\n\t\t\t\t\t<\/div>\n\t\t<\/section>\n\t\t\t\t<section class=\"elementor-section elementor-top-section elementor-element elementor-element-92153eb elementor-section-boxed elementor-section-height-default elementor-section-height-default\" data-id=\"92153eb\" data-element_type=\"section\" data-e-type=\"section\">\n\t\t\t\t\t\t<div class=\"elementor-container elementor-column-gap-default\">\n\t\t\t\t\t<div class=\"elementor-column elementor-col-100 elementor-top-column elementor-element elementor-element-5f32b3a\" data-id=\"5f32b3a\" data-element_type=\"column\" data-e-type=\"column\">\n\t\t\t<div class=\"elementor-widget-wrap elementor-element-populated\">\n\t\t\t\t\t\t<div class=\"elementor-element elementor-element-a1119cd elementor-widget elementor-widget-heading\" data-id=\"a1119cd\" data-element_type=\"widget\" data-e-type=\"widget\" data-widget_type=\"heading.default\">\n\t\t\t\t<div class=\"elementor-widget-container\">\n\t\t\t\t\t<h1 class=\"elementor-heading-title elementor-size-default\">Solutions avant-gardistes<\/h1>\t\t\t\t<\/div>\n\t\t\t\t<\/div>\n\t\t\t\t<div class=\"elementor-element elementor-element-f813779 elementor-widget elementor-widget-text-editor\" data-id=\"f813779\" data-element_type=\"widget\" data-e-type=\"widget\" data-widget_type=\"text-editor.default\">\n\t\t\t\t<div class=\"elementor-widget-container\">\n\t\t\t\t\t\t\t\t\t<p>Nos solutions sont adapt\u00e9es \u00e0 votre situation unique pour vous apporter la tranquillit\u00e9 d\u2019esprit, maintenant et pour l\u2019avenir.<\/p>\t\t\t\t\t\t\t\t<\/div>\n\t\t\t\t<\/div>\n\t\t\t\t<section class=\"elementor-section elementor-inner-section elementor-element elementor-element-6995ee6 elementor-section-boxed elementor-section-height-default elementor-section-height-default\" data-id=\"6995ee6\" data-element_type=\"section\" data-e-type=\"section\">\n\t\t\t\t\t\t<div class=\"elementor-container elementor-column-gap-default\">\n\t\t\t\t\t<div class=\"elementor-column elementor-col-33 elementor-inner-column elementor-element elementor-element-c5a142a\" data-id=\"c5a142a\" data-element_type=\"column\" data-e-type=\"column\">\n\t\t\t<div class=\"elementor-widget-wrap elementor-element-populated\">\n\t\t\t\t\t\t<div class=\"elementor-element elementor-element-258e11f elementor-widget elementor-widget-text-editor\" data-id=\"258e11f\" data-element_type=\"widget\" data-e-type=\"widget\" data-widget_type=\"text-editor.default\">\n\t\t\t\t<div class=\"elementor-widget-container\">\n\t\t\t\t\t\t\t\t\t<p><strong>Portefeuilles priv\u00e9s Platine<\/strong><\/p><p>Un compte g\u00e9r\u00e9, unifi\u00e9 et surveill\u00e9 avec acc\u00e8s \u00e0 des gestionnaires de portefeuille de calibre mondial, diversifi\u00e9 selon la r\u00e9gion, le secteur et le type de placement.<\/p>\t\t\t\t\t\t\t\t<\/div>\n\t\t\t\t<\/div>\n\t\t\t\t\t<\/div>\n\t\t<\/div>\n\t\t\t\t<div class=\"elementor-column elementor-col-33 elementor-inner-column elementor-element elementor-element-2f0cccb\" data-id=\"2f0cccb\" data-element_type=\"column\" data-e-type=\"column\">\n\t\t\t<div class=\"elementor-widget-wrap elementor-element-populated\">\n\t\t\t\t\t\t<div class=\"elementor-element elementor-element-b1cd8b6 elementor-widget elementor-widget-text-editor\" data-id=\"b1cd8b6\" data-element_type=\"widget\" data-e-type=\"widget\" data-widget_type=\"text-editor.default\">\n\t\t\t\t<div class=\"elementor-widget-container\">\n\t\t\t\t\t\t\t\t\t<p><strong>Plateforme g\u00e9r\u00e9e et ax\u00e9e sur les conseils<\/strong><\/p><p>Une approche holistique qui combine les conseils d\u2019un gestionnaire de portefeuille inscrit et la gestion discr\u00e9tionnaire du patrimoine par des conseillers qui respectent les normes \u00e9lev\u00e9es de l\u2019industrie.<\/p>\t\t\t\t\t\t\t\t<\/div>\n\t\t\t\t<\/div>\n\t\t\t\t\t<\/div>\n\t\t<\/div>\n\t\t\t\t<div class=\"elementor-column elementor-col-33 elementor-inner-column elementor-element elementor-element-b224103\" data-id=\"b224103\" data-element_type=\"column\" data-e-type=\"column\">\n\t\t\t<div class=\"elementor-widget-wrap elementor-element-populated\">\n\t\t\t\t\t\t<div class=\"elementor-element elementor-element-c735c8d elementor-widget elementor-widget-text-editor\" data-id=\"c735c8d\" data-element_type=\"widget\" data-e-type=\"widget\" data-widget_type=\"text-editor.default\">\n\t\t\t\t<div class=\"elementor-widget-container\">\n\t\t\t\t\t\t\t\t\t<p><strong>Courtage traditionnel<\/strong><\/p><p>Une option de courtage \u00e0 commission pour les clients qui veulent participer \u00e0 la gestion de leurs placements, qu\u2019il s\u2019agisse de nouvelles \u00e9missions d\u2019entreprise, de collectes de fonds consortiales, d\u2019actions individuelles ou d\u2019obligations.<\/p>\t\t\t\t\t\t\t\t<\/div>\n\t\t\t\t<\/div>\n\t\t\t\t\t<\/div>\n\t\t<\/div>\n\t\t\t\t\t<\/div>\n\t\t<\/section>\n\t\t\t\t\t<\/div>\n\t\t<\/div>\n\t\t\t\t\t<\/div>\n\t\t<\/section>\n\t\t\t\t<section class=\"elementor-section elementor-top-section elementor-element elementor-element-78c1856 elementor-section-full_width elementor-reverse-mobile elementor-section-height-min-height elementor-section-items-stretch elementor-section-height-default\" data-id=\"78c1856\" data-element_type=\"section\" data-e-type=\"section\">\n\t\t\t\t\t\t<div class=\"elementor-container elementor-column-gap-no\">\n\t\t\t\t\t<div class=\"elementor-column elementor-col-50 elementor-top-column elementor-element elementor-element-0fbe3d7\" data-id=\"0fbe3d7\" data-element_type=\"column\" data-e-type=\"column\" data-settings=\"{&quot;background_background&quot;:&quot;classic&quot;}\">\n\t\t\t<div class=\"elementor-widget-wrap elementor-element-populated\">\n\t\t\t\t\t\t<div class=\"elementor-element elementor-element-251e64a elementor-widget elementor-widget-heading\" data-id=\"251e64a\" data-element_type=\"widget\" data-e-type=\"widget\" data-widget_type=\"heading.default\">\n\t\t\t\t<div class=\"elementor-widget-container\">\n\t\t\t\t\t<h2 class=\"elementor-heading-title elementor-size-default\">Exp\u00e9rience et ind\u00e9pendance<\/h2>\t\t\t\t<\/div>\n\t\t\t\t<\/div>\n\t\t\t\t<div class=\"elementor-element elementor-element-6499ca9 elementor-widget elementor-widget-text-editor\" data-id=\"6499ca9\" data-element_type=\"widget\" data-e-type=\"widget\" data-widget_type=\"text-editor.default\">\n\t\t\t\t<div class=\"elementor-widget-container\">\n\t\t\t\t\t\t\t\t\t<p>L\u2019\u00e9quipe fondatrice de Wellington-Altus Gestion Priv\u00e9e a une vision globale de la gestion du patrimoine. Elle repr\u00e9sente des ann\u00e9es d\u2019expertise, de constance, de stabilit\u00e9 et de confiance.<\/p>\t\t\t\t\t\t\t\t<\/div>\n\t\t\t\t<\/div>\n\t\t\t\t\t<\/div>\n\t\t<\/div>\n\t\t\t\t<div class=\"elementor-column elementor-col-50 elementor-top-column elementor-element elementor-element-17ebae5\" data-id=\"17ebae5\" data-element_type=\"column\" data-e-type=\"column\" data-settings=\"{&quot;background_background&quot;:&quot;classic&quot;}\">\n\t\t\t<div class=\"elementor-widget-wrap elementor-element-populated\">\n\t\t\t\t\t\t<div class=\"elementor-element elementor-element-a50001d elementor-widget elementor-widget-spacer\" data-id=\"a50001d\" data-element_type=\"widget\" data-e-type=\"widget\" data-widget_type=\"spacer.default\">\n\t\t\t\t<div class=\"elementor-widget-container\">\n\t\t\t\t\t\t\t<div class=\"elementor-spacer\">\n\t\t\t<div class=\"elementor-spacer-inner\"><\/div>\n\t\t<\/div>\n\t\t\t\t\t\t<\/div>\n\t\t\t\t<\/div>\n\t\t\t\t\t<\/div>\n\t\t<\/div>\n\t\t\t\t\t<\/div>\n\t\t<\/section>\n\t\t\t\t<section class=\"elementor-section elementor-top-section elementor-element elementor-element-ef4264f elementor-section-full_width elementor-section-height-min-height elementor-section-items-stretch elementor-section-height-default\" data-id=\"ef4264f\" data-element_type=\"section\" data-e-type=\"section\">\n\t\t\t\t\t\t<div class=\"elementor-container elementor-column-gap-no\">\n\t\t\t\t\t<div class=\"elementor-column elementor-col-50 elementor-top-column elementor-element elementor-element-ba2aacb\" data-id=\"ba2aacb\" data-element_type=\"column\" data-e-type=\"column\" data-settings=\"{&quot;background_background&quot;:&quot;classic&quot;}\">\n\t\t\t<div class=\"elementor-widget-wrap elementor-element-populated\">\n\t\t\t\t\t\t<div class=\"elementor-element elementor-element-3dacad5 elementor-widget elementor-widget-spacer\" data-id=\"3dacad5\" data-element_type=\"widget\" data-e-type=\"widget\" data-widget_type=\"spacer.default\">\n\t\t\t\t<div class=\"elementor-widget-container\">\n\t\t\t\t\t\t\t<div class=\"elementor-spacer\">\n\t\t\t<div class=\"elementor-spacer-inner\"><\/div>\n\t\t<\/div>\n\t\t\t\t\t\t<\/div>\n\t\t\t\t<\/div>\n\t\t\t\t\t<\/div>\n\t\t<\/div>\n\t\t\t\t<div class=\"elementor-column elementor-col-50 elementor-top-column elementor-element elementor-element-0a60111\" data-id=\"0a60111\" data-element_type=\"column\" data-e-type=\"column\" data-settings=\"{&quot;background_background&quot;:&quot;classic&quot;}\">\n\t\t\t<div class=\"elementor-widget-wrap elementor-element-populated\">\n\t\t\t\t\t\t<div class=\"elementor-element elementor-element-a5e966c elementor-widget elementor-widget-heading\" data-id=\"a5e966c\" data-element_type=\"widget\" data-e-type=\"widget\" data-widget_type=\"heading.default\">\n\t\t\t\t<div class=\"elementor-widget-container\">\n\t\t\t\t\t<h2 class=\"elementor-heading-title elementor-size-default\">Conseils complets en gestion de patrimoine<\/h2>\t\t\t\t<\/div>\n\t\t\t\t<\/div>\n\t\t\t\t<div class=\"elementor-element elementor-element-50fc833 elementor-widget elementor-widget-text-editor\" data-id=\"50fc833\" data-element_type=\"widget\" data-e-type=\"widget\" data-widget_type=\"text-editor.default\">\n\t\t\t\t<div class=\"elementor-widget-container\">\n\t\t\t\t\t\t\t\t\t<p>Les conseillers de Wellington-Altus Gestion Priv\u00e9e sont des entrepreneurs qui valorisent une approche ind\u00e9pendante en mati\u00e8re de placement et de gestion du patrimoine. Il s\u2019agit d\u2019une approche qui accorde la priorit\u00e9 aux clients.<\/p>\t\t\t\t\t\t\t\t<\/div>\n\t\t\t\t<\/div>\n\t\t\t\t\t<\/div>\n\t\t<\/div>\n\t\t\t\t\t<\/div>\n\t\t<\/section>\n\t\t\t\t<\/div>\n\t\t","protected":false},"excerpt":{"rendered":"<p>Emad Saad et associ\u00e9s, Gestion priv\u00e9e de patrimoine En faire plus pour am\u00e9liorer votre vie Nous nous soucions de vous et de vos finances. Nous travaillons avec des familles d\u2019exception, et notre planification compl\u00e8te du patrimoine et notre gestion unique vous aident \u00e0 r\u00e9duire le stress financier, les imp\u00f4ts et les risques. Nous aimons notre [&hellip;]<\/p>\n","protected":false},"author":1,"featured_media":0,"parent":0,"menu_order":0,"comment_status":"closed","ping_status":"closed","template":"elementor_header_footer","meta":{"_oasis_is_in_workflow":0,"_oasis_original":0,"_oasis_task_priority":"","_exactmetrics_skip_tracking":false,"_exactmetrics_sitenote_active":false,"_exactmetrics_sitenote_note":"","_exactmetrics_sitenote_category":0,"footnotes":""},"class_list":["post-262","page","type-page","status-publish","hentry"],"_links":{"self":[{"href":"https:\/\/advisor.wellington-altus.ca\/emadsaad\/wp-json\/wp\/v2\/pages\/262","targetHints":{"allow":["GET"]}}],"collection":[{"href":"https:\/\/advisor.wellington-altus.ca\/emadsaad\/wp-json\/wp\/v2\/pages"}],"about":[{"href":"https:\/\/advisor.wellington-altus.ca\/emadsaad\/wp-json\/wp\/v2\/types\/page"}],"author":[{"embeddable":true,"href":"https:\/\/advisor.wellington-altus.ca\/emadsaad\/wp-json\/wp\/v2\/users\/1"}],"replies":[{"embeddable":true,"href":"https:\/\/advisor.wellington-altus.ca\/emadsaad\/wp-json\/wp\/v2\/comments?post=262"}],"version-history":[{"count":3,"href":"https:\/\/advisor.wellington-altus.ca\/emadsaad\/wp-json\/wp\/v2\/pages\/262\/revisions"}],"predecessor-version":[{"id":599,"href":"https:\/\/advisor.wellington-altus.ca\/emadsaad\/wp-json\/wp\/v2\/pages\/262\/revisions\/599"}],"wp:attachment":[{"href":"https:\/\/advisor.wellington-altus.ca\/emadsaad\/wp-json\/wp\/v2\/media?parent=262"}],"curies":[{"name":"wp","href":"https:\/\/api.w.org\/{rel}","templated":true}]}}