{"id":1006,"date":"2023-04-21T16:25:03","date_gmt":"2023-04-21T16:25:03","guid":{"rendered":"https:\/\/advisor.wellington-altus.ca\/haleinvestmentgroup2\/?page_id=1006"},"modified":"2026-02-12T15:16:41","modified_gmt":"2026-02-12T20:16:41","slug":"investment-strategies","status":"publish","type":"page","link":"https:\/\/advisor.wellington-altus.ca\/haleinvestmentgroup\/fr\/investment-strategies\/","title":{"rendered":"Strat\u00e9gies de placement"},"content":{"rendered":"<div data-elementor-type=\"wp-page\" data-elementor-id=\"1006\" class=\"elementor elementor-1006\" data-elementor-post-type=\"page\">\n\t\t\t\t\t\t<section class=\"elementor-section elementor-top-section elementor-element elementor-element-5fa1fa3 elementor-reverse-mobile elementor-section-height-min-height elementor-section-items-stretch elementor-section-boxed elementor-section-height-default\" data-id=\"5fa1fa3\" data-element_type=\"section\" data-e-type=\"section\" data-settings=\"{&quot;animation&quot;:&quot;none&quot;,&quot;background_background&quot;:&quot;classic&quot;}\">\n\t\t\t\t\t\t\t<div class=\"elementor-background-overlay\"><\/div>\n\t\t\t\t\t\t\t<div class=\"elementor-container elementor-column-gap-default\">\n\t\t\t\t\t<div class=\"elementor-column elementor-col-100 elementor-top-column elementor-element elementor-element-0d5d52e\" data-id=\"0d5d52e\" data-element_type=\"column\" data-e-type=\"column\" data-settings=\"{&quot;background_background&quot;:&quot;classic&quot;}\">\n\t\t\t<div class=\"elementor-widget-wrap\">\n\t\t\t\t\t\t\t<\/div>\n\t\t<\/div>\n\t\t\t\t\t<\/div>\n\t\t<\/section>\n\t\t\t\t<section class=\"elementor-section elementor-top-section elementor-element elementor-element-2a88c77 elementor-reverse-mobile elementor-section-height-min-height elementor-section-items-stretch elementor-section-boxed elementor-section-height-default\" data-id=\"2a88c77\" data-element_type=\"section\" data-e-type=\"section\" data-settings=\"{&quot;animation&quot;:&quot;none&quot;,&quot;background_background&quot;:&quot;classic&quot;}\">\n\t\t\t\t\t\t\t<div class=\"elementor-background-overlay\"><\/div>\n\t\t\t\t\t\t\t<div class=\"elementor-container elementor-column-gap-default\">\n\t\t\t\t\t<div class=\"elementor-column elementor-col-100 elementor-top-column elementor-element elementor-element-fc8699e\" data-id=\"fc8699e\" data-element_type=\"column\" data-e-type=\"column\" data-settings=\"{&quot;background_background&quot;:&quot;classic&quot;}\">\n\t\t\t<div class=\"elementor-widget-wrap elementor-element-populated\">\n\t\t\t\t\t\t<div class=\"elementor-element elementor-element-831704a elementor-widget elementor-widget-heading\" data-id=\"831704a\" data-element_type=\"widget\" data-e-type=\"widget\" data-widget_type=\"heading.default\">\n\t\t\t\t<div class=\"elementor-widget-container\">\n\t\t\t\t\t<h2 class=\"elementor-heading-title elementor-size-default\">Notre approche<\/h2>\t\t\t\t<\/div>\n\t\t\t\t<\/div>\n\t\t\t\t<div class=\"elementor-element elementor-element-e72c2d3 elementor-widget elementor-widget-text-editor\" data-id=\"e72c2d3\" data-element_type=\"widget\" data-e-type=\"widget\" data-widget_type=\"text-editor.default\">\n\t\t\t\t<div class=\"elementor-widget-container\">\n\t\t\t\t\t\t\t\t\t<p>Le Groupe Investissements Hale s\u2019est b\u00e2ti une r\u00e9putation en mati\u00e8re de protection et de croissance du patrimoine, et notre pratique repose sur une construction \u00e9prouv\u00e9e de portefeuille. Votre bien-\u00eatre financier est assur\u00e9 par des techniques de gestion de portefeuille fiables et de saines pratiques de placement.<\/p>\t\t\t\t\t\t\t\t<\/div>\n\t\t\t\t<\/div>\n\t\t\t\t<section class=\"elementor-section elementor-inner-section elementor-element elementor-element-1f75f81 elementor-section-boxed elementor-section-height-default elementor-section-height-default\" data-id=\"1f75f81\" data-element_type=\"section\" data-e-type=\"section\">\n\t\t\t\t\t\t<div class=\"elementor-container elementor-column-gap-default\">\n\t\t\t\t\t<div class=\"elementor-column elementor-col-50 elementor-inner-column elementor-element elementor-element-24fdcdb\" data-id=\"24fdcdb\" data-element_type=\"column\" data-e-type=\"column\">\n\t\t\t<div class=\"elementor-widget-wrap elementor-element-populated\">\n\t\t\t\t\t\t<div class=\"elementor-element elementor-element-d2b0364 elementor-widget elementor-widget-text-editor\" data-id=\"d2b0364\" data-element_type=\"widget\" data-e-type=\"widget\" data-widget_type=\"text-editor.default\">\n\t\t\t\t<div class=\"elementor-widget-container\">\n\t\t\t\t\t\t\t\t\t<ul><li>Approche \u00e0 long terme ax\u00e9e sur les placements sur <br>5 et 10 ans.<\/li><li>Techniques ax\u00e9es sur les fondamentaux, la croissance pr\u00e9visible des flux de tr\u00e9sorerie et la solidit\u00e9 de bilans responsables des entreprises.<\/li><\/ul>\t\t\t\t\t\t\t\t<\/div>\n\t\t\t\t<\/div>\n\t\t\t\t\t<\/div>\n\t\t<\/div>\n\t\t\t\t<div class=\"elementor-column elementor-col-50 elementor-inner-column elementor-element elementor-element-ad1c5be\" data-id=\"ad1c5be\" data-element_type=\"column\" data-e-type=\"column\">\n\t\t\t<div class=\"elementor-widget-wrap elementor-element-populated\">\n\t\t\t\t\t\t<div class=\"elementor-element elementor-element-9628418 elementor-widget elementor-widget-text-editor\" data-id=\"9628418\" data-element_type=\"widget\" data-e-type=\"widget\" data-widget_type=\"text-editor.default\">\n\t\t\t\t<div class=\"elementor-widget-container\">\n\t\t\t\t\t\t\t\t\t<ul><li>Diversification stricte du portefeuille par soci\u00e9t\u00e9, secteur, r\u00e9gion et monnaie.<\/li><li>Gestion proactive du risque, ajustement des placements pour tenter d\u2019\u00e9viter les probl\u00e8mes potentiels sur les march\u00e9s avant qu\u2019ils ne surviennent, et pr\u00e9servation du capital.<\/li><\/ul>\t\t\t\t\t\t\t\t<\/div>\n\t\t\t\t<\/div>\n\t\t\t\t\t<\/div>\n\t\t<\/div>\n\t\t\t\t\t<\/div>\n\t\t<\/section>\n\t\t\t\t\t<\/div>\n\t\t<\/div>\n\t\t\t\t\t<\/div>\n\t\t<\/section>\n\t\t\t\t<section class=\"elementor-section elementor-top-section elementor-element elementor-element-a6b584c elementor-section-boxed elementor-section-height-default elementor-section-height-default\" data-id=\"a6b584c\" data-element_type=\"section\" data-e-type=\"section\">\n\t\t\t\t\t\t<div class=\"elementor-container elementor-column-gap-default\">\n\t\t\t\t\t<div class=\"elementor-column elementor-col-100 elementor-top-column elementor-element elementor-element-3f49376\" data-id=\"3f49376\" data-element_type=\"column\" data-e-type=\"column\">\n\t\t\t<div class=\"elementor-widget-wrap elementor-element-populated\">\n\t\t\t\t\t\t<div class=\"elementor-element elementor-element-522f479 elementor-tabs-view-vertical elementor-tabs-alignment-stretch elementor-widget elementor-widget-tabs\" data-id=\"522f479\" data-element_type=\"widget\" data-e-type=\"widget\" data-widget_type=\"tabs.default\">\n\t\t\t\t<div class=\"elementor-widget-container\">\n\t\t\t\t\t\t\t<div class=\"elementor-tabs\">\n\t\t\t<div class=\"elementor-tabs-wrapper\" role=\"tablist\" >\n\t\t\t\t\t\t\t\t\t<div id=\"elementor-tab-title-8611\" class=\"elementor-tab-title elementor-tab-desktop-title\" aria-selected=\"true\" data-tab=\"1\" role=\"tab\" tabindex=\"0\" aria-controls=\"elementor-tab-content-8611\" aria-expanded=\"false\">Actions prudentes<\/div>\n\t\t\t\t\t\t\t\t\t<div id=\"elementor-tab-title-8612\" class=\"elementor-tab-title elementor-tab-desktop-title\" aria-selected=\"false\" data-tab=\"2\" role=\"tab\" tabindex=\"-1\" aria-controls=\"elementor-tab-content-8612\" aria-expanded=\"false\">Revenu diversifi\u00e9<\/div>\n\t\t\t\t\t\t\t\t\t<div id=\"elementor-tab-title-8613\" class=\"elementor-tab-title elementor-tab-desktop-title\" aria-selected=\"false\" data-tab=\"3\" role=\"tab\" tabindex=\"-1\" aria-controls=\"elementor-tab-content-8613\" aria-expanded=\"false\">Rendement total cibl\u00e9<\/div>\n\t\t\t\t\t\t\t\t\t<div id=\"elementor-tab-title-8614\" class=\"elementor-tab-title elementor-tab-desktop-title\" aria-selected=\"false\" data-tab=\"4\" role=\"tab\" tabindex=\"-1\" aria-controls=\"elementor-tab-content-8614\" aria-expanded=\"false\">Rendement nord-am\u00e9ricain<\/div>\n\t\t\t\t\t\t\t\t\t<div id=\"elementor-tab-title-8615\" class=\"elementor-tab-title elementor-tab-desktop-title\" aria-selected=\"false\" data-tab=\"5\" role=\"tab\" tabindex=\"-1\" aria-controls=\"elementor-tab-content-8615\" aria-expanded=\"false\">Actions am\u00e9ricaines<\/div>\n\t\t\t\t\t\t\t\t\t<div id=\"elementor-tab-title-8616\" class=\"elementor-tab-title elementor-tab-desktop-title\" aria-selected=\"false\" data-tab=\"6\" role=\"tab\" tabindex=\"-1\" aria-controls=\"elementor-tab-content-8616\" aria-expanded=\"false\">Dividendes canadiens<\/div>\n\t\t\t\t\t\t\t<\/div>\n\t\t\t<div class=\"elementor-tabs-content-wrapper\" role=\"tablist\" aria-orientation=\"vertical\">\n\t\t\t\t\t\t\t\t\t<div class=\"elementor-tab-title elementor-tab-mobile-title\" aria-selected=\"true\" data-tab=\"1\" role=\"tab\" tabindex=\"0\" aria-controls=\"elementor-tab-content-8611\" aria-expanded=\"false\">Actions prudentes<\/div>\n\t\t\t\t\t<div id=\"elementor-tab-content-8611\" class=\"elementor-tab-content elementor-clearfix\" data-tab=\"1\" role=\"tabpanel\" aria-labelledby=\"elementor-tab-title-8611\" tabindex=\"0\" hidden=\"false\"><p><strong>Objectif de placement\u00a0:<\/strong><\/p><p>Obtenir une croissance stable \u00e0 long terme tout en prot\u00e9geant le capital en investissant dans un portefeuille prudent d\u2019actions de soci\u00e9t\u00e9s nord-am\u00e9ricaines de premier ordre.<\/p><ul><li>Cette strat\u00e9gie repose sur un processus d\u2019investissement fondamental et disciplin\u00e9 offrant une croissance \u00e0 un prix raisonnable. Une priorit\u00e9 \u00e9gale est accord\u00e9e \u00e0 la protection contre les baisses et \u00e0 l\u2019exploitation des hausses.<\/li><li>Strat\u00e9gie con\u00e7ue comme portefeuille de base pour les investisseurs \u00e0 long terme.<\/li><\/ul><p><a href=\"https:\/\/advisor.wellington-altus.ca\/haleinvestmentgroup\/wp-content\/uploads\/sites\/165\/2026\/02\/Hale_Fact-Sheet_2025-Q4_CE-FR.pdf\" target=\"_blank\" rel=\"noopener\"><strong>Voir la fiche descriptive\u00a0\u00a0<\/strong> <img decoding=\"async\" class=\"wp-image-1089 alignnone\" src=\"https:\/\/advisor.wellington-altus.ca\/haleinvestmentgroup\/wp-content\/uploads\/sites\/165\/2023\/04\/Download.png\" alt=\"\" width=\"17\" height=\"19\" \/><\/a><\/p><\/div>\n\t\t\t\t\t\t\t\t\t<div class=\"elementor-tab-title elementor-tab-mobile-title\" aria-selected=\"false\" data-tab=\"2\" role=\"tab\" tabindex=\"-1\" aria-controls=\"elementor-tab-content-8612\" aria-expanded=\"false\">Revenu diversifi\u00e9<\/div>\n\t\t\t\t\t<div id=\"elementor-tab-content-8612\" class=\"elementor-tab-content elementor-clearfix\" data-tab=\"2\" role=\"tabpanel\" aria-labelledby=\"elementor-tab-title-8612\" tabindex=\"0\" hidden=\"hidden\"><p><strong>Objectif de placement\u00a0:<\/strong><\/p><p>G\u00e9n\u00e9rer un revenu durable et prot\u00e9ger le capital en investissant dans un portefeuille diversifi\u00e9 d\u2019actions mondiales versant un dividende et de titres \u00e0 revenu fixe ax\u00e9 sur le rendement. Cette strat\u00e9gie a \u00e9t\u00e9 cr\u00e9\u00e9e pour optimiser l\u2019abri fiscal qu\u2019offrent les comptes enregistr\u00e9s.<\/p><ul><li>La strat\u00e9gie repose sur un processus d\u2019investissement fondamental et rigoureux centr\u00e9 sur le rendement et les flux de tr\u00e9sorerie.<\/li><li>Con\u00e7ue pour les investisseurs qui recherchent un revenu courant en privil\u00e9giant des comptes \u00e0 l\u2019abri de l\u2019imp\u00f4t.<\/li><\/ul><p><a href=\"https:\/\/advisor.wellington-altus.ca\/haleinvestmentgroup\/wp-content\/uploads\/sites\/165\/2026\/02\/Hale_Fact-Sheet_2025-Q4_DIP-FR.pdf\" target=\"_blank\" rel=\"noopener\"><strong>Voir la fiche descriptive\u00a0\u00a0<\/strong> <img decoding=\"async\" class=\"wp-image-1089 alignnone\" src=\"https:\/\/advisor.wellington-altus.ca\/haleinvestmentgroup\/wp-content\/uploads\/sites\/165\/2023\/04\/Download.png\" alt=\"\" width=\"17\" height=\"19\" \/><\/a><\/p><\/div>\n\t\t\t\t\t\t\t\t\t<div class=\"elementor-tab-title elementor-tab-mobile-title\" aria-selected=\"false\" data-tab=\"3\" role=\"tab\" tabindex=\"-1\" aria-controls=\"elementor-tab-content-8613\" aria-expanded=\"false\">Rendement total cibl\u00e9<\/div>\n\t\t\t\t\t<div id=\"elementor-tab-content-8613\" class=\"elementor-tab-content elementor-clearfix\" data-tab=\"3\" role=\"tabpanel\" aria-labelledby=\"elementor-tab-title-8613\" tabindex=\"0\" hidden=\"hidden\"><p><strong>Objectif de placement\u00a0:<\/strong><\/p><p>Obtenir une croissance stable \u00e0 long terme tout en pr\u00e9servant le capital en investissant principalement dans les actions nord-am\u00e9ricaines. Cette strat\u00e9gie a \u00e9t\u00e9 cr\u00e9\u00e9e pour optimiser l\u2019utilisation de votre compte d\u2019\u00e9pargne libre d\u2019imp\u00f4t.<\/p><ul><li>Processus d\u2019investissement fondamental et disciplin\u00e9 offrant une croissance \u00e0 un prix raisonnable.<\/li><li>Strat\u00e9gie ax\u00e9e sur les rendements absolus \u00e0 long terme.<\/li><\/ul><p><a href=\"https:\/\/advisor.wellington-altus.ca\/haleinvestmentgroup\/wp-content\/uploads\/sites\/165\/2026\/02\/Hale_Fact-Sheet_2025-Q4_FTR-FR.pdf\" target=\"_blank\" rel=\"noopener\"><strong>Voir la fiche descriptive\u00a0\u00a0<\/strong> <img decoding=\"async\" class=\"wp-image-1089 alignnone\" src=\"https:\/\/advisor.wellington-altus.ca\/haleinvestmentgroup\/wp-content\/uploads\/sites\/165\/2023\/04\/Download.png\" alt=\"\" width=\"17\" height=\"19\" \/><\/a><\/p><\/div>\n\t\t\t\t\t\t\t\t\t<div class=\"elementor-tab-title elementor-tab-mobile-title\" aria-selected=\"false\" data-tab=\"4\" role=\"tab\" tabindex=\"-1\" aria-controls=\"elementor-tab-content-8614\" aria-expanded=\"false\">Rendement nord-am\u00e9ricain<\/div>\n\t\t\t\t\t<div id=\"elementor-tab-content-8614\" class=\"elementor-tab-content elementor-clearfix\" data-tab=\"4\" role=\"tabpanel\" aria-labelledby=\"elementor-tab-title-8614\" tabindex=\"0\" hidden=\"hidden\"><p><strong>Objectif de placement\u00a0:<\/strong><\/p><p>Procurer un revenu et une croissance stables en investissant dans un portefeuille \u00e9quilibr\u00e9 d\u2019actions et d\u2019obligations nord-am\u00e9ricaines.<\/p><ul><li>Conforme \u00e0 la <em>Loi sur les normes de prestation de pension<\/em> r\u00e9gissant la gestion des r\u00e9gimes de retraite sous r\u00e9glementation f\u00e9d\u00e9rale et convenant \u00e0 la plupart des fondations caritatives et des fonds de dotation.<\/li><li>Id\u00e9al pour les fonds communs de placement qui doivent \u00eatre expos\u00e9s \u00e0 moins de volatilit\u00e9 et qui ont des exigences strictes en mati\u00e8re de r\u00e9partition de l\u2019actif.<\/li><\/ul><p><a href=\"https:\/\/advisor.wellington-altus.ca\/haleinvestmentgroup\/wp-content\/uploads\/sites\/165\/2026\/02\/Hale_Fact-Sheet_2025-Q4_NAY-FR.pdf\" target=\"_blank\" rel=\"noopener\"><strong>Voir la fiche descriptive\u00a0\u00a0<\/strong> <img decoding=\"async\" class=\"wp-image-1089 alignnone\" src=\"https:\/\/advisor.wellington-altus.ca\/haleinvestmentgroup\/wp-content\/uploads\/sites\/165\/2023\/04\/Download.png\" alt=\"\" width=\"17\" height=\"19\" \/><\/a><\/p><\/div>\n\t\t\t\t\t\t\t\t\t<div class=\"elementor-tab-title elementor-tab-mobile-title\" aria-selected=\"false\" data-tab=\"5\" role=\"tab\" tabindex=\"-1\" aria-controls=\"elementor-tab-content-8615\" aria-expanded=\"false\">Actions am\u00e9ricaines<\/div>\n\t\t\t\t\t<div id=\"elementor-tab-content-8615\" class=\"elementor-tab-content elementor-clearfix\" data-tab=\"5\" role=\"tabpanel\" aria-labelledby=\"elementor-tab-title-8615\" tabindex=\"0\" hidden=\"hidden\"><p><strong>Objectif de placement\u00a0:<\/strong><\/p><p>Obtenir une croissance \u00e0 long terme du capital et du revenu en investissant dans un portefeuille d\u2019actions de soci\u00e9t\u00e9s nord-am\u00e9ricaines de premier ordre.<\/p><ul><li>Processus d\u2019investissement fondamental et disciplin\u00e9 offrant une croissance \u00e0 un prix raisonnable.<\/li><li>Id\u00e9al pour les investisseurs qui souhaitent s\u00e9parer les placements libell\u00e9s en dollars am\u00e9ricains.<\/li><\/ul><p><a href=\"https:\/\/advisor.wellington-altus.ca\/haleinvestmentgroup\/wp-content\/uploads\/sites\/165\/2026\/02\/Hale_Fact-Sheet_2025-Q4_US-EQUITY-FR.pdf\" target=\"_blank\" rel=\"noopener\"><strong>Voir la fiche descriptive\u00a0\u00a0<\/strong> <img decoding=\"async\" class=\"wp-image-1089 alignnone\" src=\"https:\/\/advisor.wellington-altus.ca\/haleinvestmentgroup\/wp-content\/uploads\/sites\/165\/2023\/04\/Download.png\" alt=\"\" width=\"17\" height=\"19\" \/><\/a><\/p><\/div>\n\t\t\t\t\t\t\t\t\t<div class=\"elementor-tab-title elementor-tab-mobile-title\" aria-selected=\"false\" data-tab=\"6\" role=\"tab\" tabindex=\"-1\" aria-controls=\"elementor-tab-content-8616\" aria-expanded=\"false\">Dividendes canadiens<\/div>\n\t\t\t\t\t<div id=\"elementor-tab-content-8616\" class=\"elementor-tab-content elementor-clearfix\" data-tab=\"6\" role=\"tabpanel\" aria-labelledby=\"elementor-tab-title-8616\" tabindex=\"0\" hidden=\"hidden\"><p><strong>Objectif de placement :<\/strong><\/p><p>Obtenir une combinaison de revenu de dividendes durable et de pr\u00e9servation du capital \u00e0 long terme par le biais d&#8217;un placement actif dans un ensemble diversifi\u00e9 d&#8217;actions canadiennes versant principalement des dividendes.<\/p><ul><li>Approche de placement fondamentale ascendante<\/li><li>Revenu de dividendes durable et pr\u00e9servation du capital<\/li><li>Actions canadiennes<\/li><\/ul><p><a href=\"https:\/\/advisor.wellington-altus.ca\/haleinvestmentgroup\/wp-content\/uploads\/sites\/165\/2026\/02\/Hale_Fact-Sheet_2025-Q4_CDIV-FR.pdf\" target=\"_blank\" rel=\"noopener\"><strong>Voir la fiche descriptive\u00a0\u00a0<\/strong> <img decoding=\"async\" class=\"wp-image-1089 alignnone\" src=\"https:\/\/advisor.wellington-altus.ca\/haleinvestmentgroup\/wp-content\/uploads\/sites\/165\/2023\/04\/Download.png\" alt=\"\" width=\"17\" height=\"19\" \/><\/a><\/p><\/div>\n\t\t\t\t\t\t\t<\/div>\n\t\t<\/div>\n\t\t\t\t\t\t<\/div>\n\t\t\t\t<\/div>\n\t\t\t\t\t<\/div>\n\t\t<\/div>\n\t\t\t\t\t<\/div>\n\t\t<\/section>\n\t\t\t\t<\/div>","protected":false},"excerpt":{"rendered":"<p>Our Approach The Hale Investment Group has built a reputation for protecting and growing wealth, at the foundation of our practice is solid portfolio construction. Your financial wellness starts and ends with tried-and-true portfolio management techniques and sound investment practices. Long-term approach focused on the 5- and 10-year investment picture. Focused on fundamentals, predictable cash [&hellip;]<\/p>\n","protected":false},"author":173,"featured_media":0,"parent":0,"menu_order":0,"comment_status":"closed","ping_status":"closed","template":"elementor_header_footer","meta":{"_oasis_is_in_workflow":0,"_oasis_original":0,"_oasis_task_priority":"","_exactmetrics_skip_tracking":false,"_exactmetrics_sitenote_active":false,"_exactmetrics_sitenote_note":"","_exactmetrics_sitenote_category":0,"footnotes":""},"class_list":["post-1006","page","type-page","status-publish","hentry"],"_links":{"self":[{"href":"https:\/\/advisor.wellington-altus.ca\/haleinvestmentgroup\/fr\/wp-json\/wp\/v2\/pages\/1006","targetHints":{"allow":["GET"]}}],"collection":[{"href":"https:\/\/advisor.wellington-altus.ca\/haleinvestmentgroup\/fr\/wp-json\/wp\/v2\/pages"}],"about":[{"href":"https:\/\/advisor.wellington-altus.ca\/haleinvestmentgroup\/fr\/wp-json\/wp\/v2\/types\/page"}],"author":[{"embeddable":true,"href":"https:\/\/advisor.wellington-altus.ca\/haleinvestmentgroup\/fr\/wp-json\/wp\/v2\/users\/173"}],"replies":[{"embeddable":true,"href":"https:\/\/advisor.wellington-altus.ca\/haleinvestmentgroup\/fr\/wp-json\/wp\/v2\/comments?post=1006"}],"version-history":[{"count":47,"href":"https:\/\/advisor.wellington-altus.ca\/haleinvestmentgroup\/fr\/wp-json\/wp\/v2\/pages\/1006\/revisions"}],"predecessor-version":[{"id":3448,"href":"https:\/\/advisor.wellington-altus.ca\/haleinvestmentgroup\/fr\/wp-json\/wp\/v2\/pages\/1006\/revisions\/3448"}],"wp:attachment":[{"href":"https:\/\/advisor.wellington-altus.ca\/haleinvestmentgroup\/fr\/wp-json\/wp\/v2\/media?parent=1006"}],"curies":[{"name":"wp","href":"https:\/\/api.w.org\/{rel}","templated":true}]}}