{"id":956,"date":"2023-04-20T20:53:35","date_gmt":"2023-04-20T20:53:35","guid":{"rendered":"https:\/\/advisor.wellington-altus.ca\/haleinvestmentgroup2\/?page_id=956"},"modified":"2023-06-02T17:08:57","modified_gmt":"2023-06-02T17:08:57","slug":"reading-resources","status":"publish","type":"page","link":"https:\/\/advisor.wellington-altus.ca\/haleinvestmentgroup\/fr\/reading-resources\/","title":{"rendered":"Lectures et ressources"},"content":{"rendered":"<div data-elementor-type=\"wp-page\" data-elementor-id=\"956\" class=\"elementor elementor-956\" data-elementor-post-type=\"page\">\n\t\t\t\t\t\t<section class=\"elementor-section elementor-top-section elementor-element elementor-element-814a4f9 elementor-reverse-mobile elementor-section-height-min-height elementor-section-items-stretch elementor-section-boxed elementor-section-height-default\" data-id=\"814a4f9\" data-element_type=\"section\" data-e-type=\"section\" data-settings=\"{&quot;animation&quot;:&quot;none&quot;,&quot;background_background&quot;:&quot;classic&quot;}\">\n\t\t\t\t\t\t\t<div class=\"elementor-background-overlay\"><\/div>\n\t\t\t\t\t\t\t<div class=\"elementor-container elementor-column-gap-default\">\n\t\t\t\t\t<div class=\"elementor-column elementor-col-100 elementor-top-column elementor-element elementor-element-bc4916d\" data-id=\"bc4916d\" data-element_type=\"column\" data-e-type=\"column\" data-settings=\"{&quot;background_background&quot;:&quot;classic&quot;}\">\n\t\t\t<div class=\"elementor-widget-wrap\">\n\t\t\t\t\t\t\t<\/div>\n\t\t<\/div>\n\t\t\t\t\t<\/div>\n\t\t<\/section>\n\t\t\t\t<section class=\"elementor-section elementor-top-section elementor-element elementor-element-838b5bc elementor-section-boxed elementor-section-height-default elementor-section-height-default\" data-id=\"838b5bc\" data-element_type=\"section\" data-e-type=\"section\">\n\t\t\t\t\t\t<div class=\"elementor-container elementor-column-gap-default\">\n\t\t\t\t\t<div class=\"elementor-column elementor-col-33 elementor-top-column elementor-element elementor-element-ef6b0dc\" data-id=\"ef6b0dc\" data-element_type=\"column\" data-e-type=\"column\">\n\t\t\t<div class=\"elementor-widget-wrap elementor-element-populated\">\n\t\t\t\t\t\t<div class=\"elementor-element elementor-element-6517466 elementor-widget elementor-widget-heading\" data-id=\"6517466\" data-element_type=\"widget\" data-e-type=\"widget\" data-widget_type=\"heading.default\">\n\t\t\t\t<div class=\"elementor-widget-container\">\n\t\t\t\t\t<h4 class=\"elementor-heading-title elementor-size-default\">Liste de lecture<\/h4>\t\t\t\t<\/div>\n\t\t\t\t<\/div>\n\t\t\t\t<div class=\"elementor-element elementor-element-e8d5d49 elementor-widget elementor-widget-accordion\" data-id=\"e8d5d49\" data-element_type=\"widget\" data-e-type=\"widget\" data-widget_type=\"accordion.default\">\n\t\t\t\t<div class=\"elementor-widget-container\">\n\t\t\t\t\t\t\t<div class=\"elementor-accordion\">\n\t\t\t\t\t\t\t<div class=\"elementor-accordion-item\">\n\t\t\t\t\t<div id=\"elementor-tab-title-2441\" class=\"elementor-tab-title\" data-tab=\"1\" role=\"button\" aria-controls=\"elementor-tab-content-2441\" aria-expanded=\"false\">\n\t\t\t\t\t\t\t\t\t\t\t\t\t<span class=\"elementor-accordion-icon elementor-accordion-icon-right\" aria-hidden=\"true\">\n\t\t\t\t\t\t\t\t\t\t\t\t\t\t\t<span class=\"elementor-accordion-icon-closed\"><i class=\"fas fa-plus\"><\/i><\/span>\n\t\t\t\t\t\t\t\t<span class=\"elementor-accordion-icon-opened\"><i class=\"fas fa-minus\"><\/i><\/span>\n\t\t\t\t\t\t\t\t\t\t\t\t\t\t<\/span>\n\t\t\t\t\t\t\t\t\t\t\t\t<a class=\"elementor-accordion-title\" tabindex=\"0\">Finances personnelles<\/a>\n\t\t\t\t\t<\/div>\n\t\t\t\t\t<div id=\"elementor-tab-content-2441\" class=\"elementor-tab-content elementor-clearfix\" data-tab=\"1\" role=\"region\" aria-labelledby=\"elementor-tab-title-2441\"><p class=\"translation-block\">Le retour du barbier riche <br>de David Chilton<\/p><p class=\"translation-block\">L\u2019homme le plus riche de Babylone<br>de George S. Clason<\/p><p class=\"translation-block\">The Truth About Money<br>de Ric Edelman<\/p><p class=\"translation-block\">Syst\u00e8me 1 \/ Syst\u00e8me 2 \u2013 Les deux vitesses de la pens\u00e9e<br>de Daniel Kahneman<\/p><p class=\"translation-block\">P\u00e8re riche, p\u00e8re pauvre<br>de Robert T. Kiyosaki<\/p><\/div>\n\t\t\t\t<\/div>\n\t\t\t\t\t\t\t<div class=\"elementor-accordion-item\">\n\t\t\t\t\t<div id=\"elementor-tab-title-2442\" class=\"elementor-tab-title\" data-tab=\"2\" role=\"button\" aria-controls=\"elementor-tab-content-2442\" aria-expanded=\"false\">\n\t\t\t\t\t\t\t\t\t\t\t\t\t<span class=\"elementor-accordion-icon elementor-accordion-icon-right\" aria-hidden=\"true\">\n\t\t\t\t\t\t\t\t\t\t\t\t\t\t\t<span class=\"elementor-accordion-icon-closed\"><i class=\"fas fa-plus\"><\/i><\/span>\n\t\t\t\t\t\t\t\t<span class=\"elementor-accordion-icon-opened\"><i class=\"fas fa-minus\"><\/i><\/span>\n\t\t\t\t\t\t\t\t\t\t\t\t\t\t<\/span>\n\t\t\t\t\t\t\t\t\t\t\t\t<a class=\"elementor-accordion-title\" tabindex=\"0\">L\u2019investissement<\/a>\n\t\t\t\t\t<\/div>\n\t\t\t\t\t<div id=\"elementor-tab-content-2442\" class=\"elementor-tab-content elementor-clearfix\" data-tab=\"2\" role=\"region\" aria-labelledby=\"elementor-tab-title-2442\"><p>L\u2019investisseur intelligent <br \/>de Benjamin Graham\u00a0<\/p><p>M\u00e9moires d\u2019un sp\u00e9culateur <br \/>d\u2019Edwin Lef\u00e8vre<\/p><p>Security analysis : analyse et \u00e9valuation financi\u00e8res des valeurs mobili\u00e8res<br \/>de Benjamin Graham et David L. Dodd<\/p><p>Where Are the Customers&#8217; Yachts? or A Good Hard Look at Wall Street<br \/>de Fred Schwed Jr.<\/p><\/div>\n\t\t\t\t<\/div>\n\t\t\t\t\t\t\t\t<\/div>\n\t\t\t\t\t\t<\/div>\n\t\t\t\t<\/div>\n\t\t\t\t\t<\/div>\n\t\t<\/div>\n\t\t\t\t<div class=\"elementor-column elementor-col-33 elementor-top-column elementor-element elementor-element-dbaa257\" data-id=\"dbaa257\" data-element_type=\"column\" data-e-type=\"column\">\n\t\t\t<div class=\"elementor-widget-wrap elementor-element-populated\">\n\t\t\t\t\t\t<div class=\"elementor-element elementor-element-fece179 elementor-widget elementor-widget-heading\" data-id=\"fece179\" data-element_type=\"widget\" data-e-type=\"widget\" data-widget_type=\"heading.default\">\n\t\t\t\t<div class=\"elementor-widget-container\">\n\t\t\t\t\t<h4 class=\"elementor-heading-title elementor-size-default\">Nouvelles<\/h4>\t\t\t\t<\/div>\n\t\t\t\t<\/div>\n\t\t\t\t<section class=\"elementor-section elementor-inner-section elementor-element elementor-element-77f64c6 elementor-section-boxed elementor-section-height-default elementor-section-height-default\" data-id=\"77f64c6\" data-element_type=\"section\" data-e-type=\"section\">\n\t\t\t\t\t\t<div class=\"elementor-container elementor-column-gap-default\">\n\t\t\t\t\t<div class=\"elementor-column elementor-col-100 elementor-inner-column elementor-element elementor-element-26450d9\" data-id=\"26450d9\" data-element_type=\"column\" data-e-type=\"column\">\n\t\t\t<div class=\"elementor-widget-wrap elementor-element-populated\">\n\t\t\t\t\t\t<div class=\"elementor-element elementor-element-049710a newslinkscontainer elementor-widget elementor-widget-text-editor\" data-id=\"049710a\" data-element_type=\"widget\" data-e-type=\"widget\" data-widget_type=\"text-editor.default\">\n\t\t\t\t<div class=\"elementor-widget-container\">\n\t\t\t\t\t\t\t\t\t<p><a href=\"https:\/\/www.barrons.com\/\" target=\"_blank\" rel=\"noopener\">Barron\u2019s<\/a><br \/><a href=\"https:\/\/www.bloomberg.com\/\" target=\"_blank\" rel=\"noopener\">Bloomberg<\/a><br \/><a href=\"https:\/\/fortune.com\/\" target=\"_blank\" rel=\"noopener\">Fortune<\/a><br \/><a href=\"https:\/\/www.bnnbloomberg.ca\/\" target=\"_blank\" rel=\"noopener\">Business News Network<\/a><br \/><a href=\"https:\/\/www.forbes.com\/\" target=\"_blank\" rel=\"noopener\">Forbes<\/a><br \/><a href=\"https:\/\/www.theglobeandmail.com\/\" target=\"_blank\" rel=\"noopener\">The Globe and Mail<\/a><br \/><a href=\"https:\/\/www.reuters.com\/\" target=\"_blank\" rel=\"noopener\">Reuters<\/a><br \/><a href=\"https:\/\/www.economist.com\/\" target=\"_blank\" rel=\"noopener\">The Economist<\/a><br \/><a href=\"https:\/\/www.wsj.com\/\" target=\"_blank\" rel=\"noopener\">The Wall Street Journal<\/a><\/p>\t\t\t\t\t\t\t\t<\/div>\n\t\t\t\t<\/div>\n\t\t\t\t\t<\/div>\n\t\t<\/div>\n\t\t\t\t\t<\/div>\n\t\t<\/section>\n\t\t\t\t\t<\/div>\n\t\t<\/div>\n\t\t\t\t<div class=\"elementor-column elementor-col-33 elementor-top-column elementor-element elementor-element-4110377\" data-id=\"4110377\" data-element_type=\"column\" data-e-type=\"column\">\n\t\t\t<div class=\"elementor-widget-wrap elementor-element-populated\">\n\t\t\t\t\t\t<div class=\"elementor-element elementor-element-6c91ece elementor-widget elementor-widget-heading\" data-id=\"6c91ece\" data-element_type=\"widget\" data-e-type=\"widget\" data-widget_type=\"heading.default\">\n\t\t\t\t<div class=\"elementor-widget-container\">\n\t\t\t\t\t<h4 class=\"elementor-heading-title elementor-size-default\">Informations \u00e9conomiques<\/h4>\t\t\t\t<\/div>\n\t\t\t\t<\/div>\n\t\t\t\t<section class=\"elementor-section elementor-inner-section elementor-element elementor-element-ce60673 elementor-section-boxed elementor-section-height-default elementor-section-height-default\" data-id=\"ce60673\" data-element_type=\"section\" data-e-type=\"section\">\n\t\t\t\t\t\t<div class=\"elementor-container elementor-column-gap-default\">\n\t\t\t\t\t<div class=\"elementor-column elementor-col-100 elementor-inner-column elementor-element elementor-element-ffed4dc\" data-id=\"ffed4dc\" data-element_type=\"column\" data-e-type=\"column\">\n\t\t\t<div class=\"elementor-widget-wrap elementor-element-populated\">\n\t\t\t\t\t\t<div class=\"elementor-element elementor-element-260c15b economicinfocontainer elementor-widget elementor-widget-text-editor\" data-id=\"260c15b\" data-element_type=\"widget\" data-e-type=\"widget\" data-widget_type=\"text-editor.default\">\n\t\t\t\t<div class=\"elementor-widget-container\">\n\t\t\t\t\t\t\t\t\t<p><a href=\"https:\/\/www.bankofcanada.ca\/\" target=\"_blank\" rel=\"noopener\">Banque du Canada<\/a><\/p><p><a href=\"https:\/\/www.statcan.gc.ca\/\" target=\"_blank\" rel=\"noopener\">Statistique Canada<\/a><\/p><p><a href=\"https:\/\/sedar.com\/\" target=\"_blank\" rel=\"noopener\">SEDAR \u2013 Syst\u00e8me \u00e9lectronique de donn\u00e9es, d\u2019analyse et de recherche<\/a><\/p>\t\t\t\t\t\t\t\t<\/div>\n\t\t\t\t<\/div>\n\t\t\t\t\t<\/div>\n\t\t<\/div>\n\t\t\t\t\t<\/div>\n\t\t<\/section>\n\t\t\t\t\t<\/div>\n\t\t<\/div>\n\t\t\t\t\t<\/div>\n\t\t<\/section>\n\t\t\t\t<\/div>","protected":false},"excerpt":{"rendered":"<p>Reading List Personal Finance The Wealthy Barber by David Chilton The Richest Man in Babylon by George S. Clason The Truth About Money by Ric Edelman Thinking, Fast and Slow by Daniel Kahneman Rich Dad Poor Dad by Robert T. Kiyosaki Investment The Intelligent Investor by Benjamin Graham\u00a0 Reminiscences of a Stock Operator by Edwin [&hellip;]<\/p>\n","protected":false},"author":173,"featured_media":0,"parent":0,"menu_order":0,"comment_status":"closed","ping_status":"closed","template":"elementor_header_footer","meta":{"_oasis_is_in_workflow":0,"_oasis_original":0,"_oasis_task_priority":"","_exactmetrics_skip_tracking":false,"_exactmetrics_sitenote_active":false,"_exactmetrics_sitenote_note":"","_exactmetrics_sitenote_category":0,"footnotes":""},"class_list":["post-956","page","type-page","status-publish","hentry"],"_links":{"self":[{"href":"https:\/\/advisor.wellington-altus.ca\/haleinvestmentgroup\/fr\/wp-json\/wp\/v2\/pages\/956","targetHints":{"allow":["GET"]}}],"collection":[{"href":"https:\/\/advisor.wellington-altus.ca\/haleinvestmentgroup\/fr\/wp-json\/wp\/v2\/pages"}],"about":[{"href":"https:\/\/advisor.wellington-altus.ca\/haleinvestmentgroup\/fr\/wp-json\/wp\/v2\/types\/page"}],"author":[{"embeddable":true,"href":"https:\/\/advisor.wellington-altus.ca\/haleinvestmentgroup\/fr\/wp-json\/wp\/v2\/users\/173"}],"replies":[{"embeddable":true,"href":"https:\/\/advisor.wellington-altus.ca\/haleinvestmentgroup\/fr\/wp-json\/wp\/v2\/comments?post=956"}],"version-history":[{"count":3,"href":"https:\/\/advisor.wellington-altus.ca\/haleinvestmentgroup\/fr\/wp-json\/wp\/v2\/pages\/956\/revisions"}],"predecessor-version":[{"id":2169,"href":"https:\/\/advisor.wellington-altus.ca\/haleinvestmentgroup\/fr\/wp-json\/wp\/v2\/pages\/956\/revisions\/2169"}],"wp:attachment":[{"href":"https:\/\/advisor.wellington-altus.ca\/haleinvestmentgroup\/fr\/wp-json\/wp\/v2\/media?parent=956"}],"curies":[{"name":"wp","href":"https:\/\/api.w.org\/{rel}","templated":true}]}}