{"id":2,"date":"2023-12-06T14:58:31","date_gmt":"2023-12-06T14:58:31","guid":{"rendered":"https:\/\/advisor.wellington-altus.ca\/palladiumportfolios-new\/?page_id=2"},"modified":"2025-04-23T16:07:20","modified_gmt":"2025-04-23T16:07:20","slug":"home","status":"publish","type":"page","link":"https:\/\/advisor.wellington-altus.ca\/zagariwealth\/fr\/","title":{"rendered":"Accueil"},"content":{"rendered":"<div data-elementor-type=\"wp-page\" data-elementor-id=\"2\" class=\"elementor elementor-2\" data-elementor-post-type=\"page\">\n\t\t\t\t<div class=\"elementor-element elementor-element-b076e2d e-flex e-con-boxed e-con e-parent\" data-id=\"b076e2d\" data-element_type=\"container\" data-e-type=\"container\" data-settings=\"{&quot;background_background&quot;:&quot;classic&quot;}\">\n\t\t\t\t\t<div class=\"e-con-inner\">\n\t\t<div class=\"elementor-element elementor-element-70c77e8 e-flex e-con-boxed e-con e-child\" data-id=\"70c77e8\" data-element_type=\"container\" data-e-type=\"container\">\n\t\t\t\t\t<div class=\"e-con-inner\">\n\t\t\t\t<div class=\"elementor-element elementor-element-907389f elementor-widget elementor-widget-heading\" data-id=\"907389f\" data-element_type=\"widget\" data-e-type=\"widget\" data-widget_type=\"heading.default\">\n\t\t\t\t<div class=\"elementor-widget-container\">\n\t\t\t\t\t<h1 class=\"elementor-heading-title elementor-size-default\">Groupe Conseil Zagari -<br> Gestion de patrimoine<\/h1>\t\t\t\t<\/div>\n\t\t\t\t<\/div>\n\t\t\t\t<div class=\"elementor-element elementor-element-5b1e727 elementor-align-center elementor-widget__width-initial elementor-mobile-align-left elementor-widget elementor-widget-button\" data-id=\"5b1e727\" data-element_type=\"widget\" data-e-type=\"widget\" data-widget_type=\"button.default\">\n\t\t\t\t<div class=\"elementor-widget-container\">\n\t\t\t\t\t\t\t\t\t<div class=\"elementor-button-wrapper\">\n\t\t\t\t\t<a class=\"elementor-button elementor-button-link elementor-size-lg\" href=\"https:\/\/advisor.wellington-altus.ca\/zagariwealth\/fr\/meet-the-team\/\">\n\t\t\t\t\t\t<span class=\"elementor-button-content-wrapper\">\n\t\t\t\t\t\t\t\t\t<span class=\"elementor-button-text\">Faites connaissance avec l\u2019\u00e9quipe<\/span>\n\t\t\t\t\t<\/span>\n\t\t\t\t\t<\/a>\n\t\t\t\t<\/div>\n\t\t\t\t\t\t\t\t<\/div>\n\t\t\t\t<\/div>\n\t\t\t\t\t<\/div>\n\t\t\t\t<\/div>\n\t\t\t\t\t<\/div>\n\t\t\t\t<\/div>\n\t\t<div class=\"elementor-element elementor-element-37effb0 e-con-full e-flex e-con e-parent\" data-id=\"37effb0\" data-element_type=\"container\" data-e-type=\"container\">\n\t\t<div class=\"elementor-element elementor-element-a6a8545 e-con-full e-flex e-con e-child\" data-id=\"a6a8545\" data-element_type=\"container\" data-e-type=\"container\">\n\t\t\t\t<div class=\"elementor-element elementor-element-66bc089 elementor-widget elementor-widget-image\" data-id=\"66bc089\" data-element_type=\"widget\" data-e-type=\"widget\" data-widget_type=\"image.default\">\n\t\t\t\t<div class=\"elementor-widget-container\">\n\t\t\t\t\t\t\t\t\t\t\t\t\t\t\t<img fetchpriority=\"high\" decoding=\"async\" width=\"533\" height=\"800\" src=\"https:\/\/advisor.wellington-altus.ca\/zagariwealth\/wp-content\/uploads\/sites\/213\/2025\/04\/24-509_WellingtonAltus_Arch_017-copy1.webp\" class=\"attachment-large size-large wp-image-665\" alt=\"\" srcset=\"https:\/\/advisor.wellington-altus.ca\/zagariwealth\/wp-content\/uploads\/sites\/213\/2025\/04\/24-509_WellingtonAltus_Arch_017-copy1.webp 533w, https:\/\/advisor.wellington-altus.ca\/zagariwealth\/wp-content\/uploads\/sites\/213\/2025\/04\/24-509_WellingtonAltus_Arch_017-copy1-200x300.webp 200w, https:\/\/advisor.wellington-altus.ca\/zagariwealth\/wp-content\/uploads\/sites\/213\/2025\/04\/24-509_WellingtonAltus_Arch_017-copy1-8x12.webp 8w\" sizes=\"(max-width: 533px) 100vw, 533px\" \/>\t\t\t\t\t\t\t\t\t\t\t\t\t\t\t<\/div>\n\t\t\t\t<\/div>\n\t\t\t\t<\/div>\n\t\t<div class=\"elementor-element elementor-element-edc49cf e-con-full elementor-hidden-mobile e-flex e-con e-child\" data-id=\"edc49cf\" data-element_type=\"container\" data-e-type=\"container\">\n\t\t\t\t<div class=\"elementor-element elementor-element-c8acd38 elementor-widget elementor-widget-image\" data-id=\"c8acd38\" data-element_type=\"widget\" data-e-type=\"widget\" data-widget_type=\"image.default\">\n\t\t\t\t<div class=\"elementor-widget-container\">\n\t\t\t\t\t\t\t\t\t\t\t\t\t\t\t<img decoding=\"async\" width=\"533\" height=\"800\" src=\"https:\/\/advisor.wellington-altus.ca\/zagariwealth\/wp-content\/uploads\/sites\/213\/2025\/04\/24-509_WellingtonAltus_Arch_031-Edit-copy.webp\" class=\"attachment-large size-large wp-image-661\" alt=\"\" srcset=\"https:\/\/advisor.wellington-altus.ca\/zagariwealth\/wp-content\/uploads\/sites\/213\/2025\/04\/24-509_WellingtonAltus_Arch_031-Edit-copy.webp 533w, https:\/\/advisor.wellington-altus.ca\/zagariwealth\/wp-content\/uploads\/sites\/213\/2025\/04\/24-509_WellingtonAltus_Arch_031-Edit-copy-200x300.webp 200w, https:\/\/advisor.wellington-altus.ca\/zagariwealth\/wp-content\/uploads\/sites\/213\/2025\/04\/24-509_WellingtonAltus_Arch_031-Edit-copy-8x12.webp 8w\" sizes=\"(max-width: 533px) 100vw, 533px\" \/>\t\t\t\t\t\t\t\t\t\t\t\t\t\t\t<\/div>\n\t\t\t\t<\/div>\n\t\t\t\t<\/div>\n\t\t<div class=\"elementor-element elementor-element-b138d9f e-con-full elementor-hidden-mobile e-flex e-con e-child\" data-id=\"b138d9f\" data-element_type=\"container\" data-e-type=\"container\" data-settings=\"{&quot;background_background&quot;:&quot;classic&quot;}\">\n\t\t\t\t<div class=\"elementor-element elementor-element-dcee4b7 elementor-widget elementor-widget-image\" data-id=\"dcee4b7\" data-element_type=\"widget\" data-e-type=\"widget\" data-widget_type=\"image.default\">\n\t\t\t\t<div class=\"elementor-widget-container\">\n\t\t\t\t\t\t\t\t\t\t\t\t\t\t\t<img decoding=\"async\" width=\"533\" height=\"800\" src=\"https:\/\/advisor.wellington-altus.ca\/zagariwealth\/wp-content\/uploads\/sites\/213\/2025\/04\/24-509_WellingtonAltus_Arch_037-copy.webp\" class=\"attachment-large size-large wp-image-662\" alt=\"\" srcset=\"https:\/\/advisor.wellington-altus.ca\/zagariwealth\/wp-content\/uploads\/sites\/213\/2025\/04\/24-509_WellingtonAltus_Arch_037-copy.webp 533w, https:\/\/advisor.wellington-altus.ca\/zagariwealth\/wp-content\/uploads\/sites\/213\/2025\/04\/24-509_WellingtonAltus_Arch_037-copy-200x300.webp 200w, https:\/\/advisor.wellington-altus.ca\/zagariwealth\/wp-content\/uploads\/sites\/213\/2025\/04\/24-509_WellingtonAltus_Arch_037-copy-8x12.webp 8w\" sizes=\"(max-width: 533px) 100vw, 533px\" \/>\t\t\t\t\t\t\t\t\t\t\t\t\t\t\t<\/div>\n\t\t\t\t<\/div>\n\t\t\t\t<\/div>\n\t\t<div class=\"elementor-element elementor-element-6e39286 e-con-full elementor-hidden-mobile e-flex e-con e-child\" data-id=\"6e39286\" data-element_type=\"container\" data-e-type=\"container\">\n\t\t\t\t<div class=\"elementor-element elementor-element-ece67b0 elementor-widget elementor-widget-image\" data-id=\"ece67b0\" data-element_type=\"widget\" data-e-type=\"widget\" data-widget_type=\"image.default\">\n\t\t\t\t<div class=\"elementor-widget-container\">\n\t\t\t\t\t\t\t\t\t\t\t\t\t\t\t<img loading=\"lazy\" decoding=\"async\" width=\"533\" height=\"800\" src=\"https:\/\/advisor.wellington-altus.ca\/zagariwealth\/wp-content\/uploads\/sites\/213\/2025\/04\/24-509_WellingtonAltus_Arch_008-copy1.webp\" class=\"attachment-large size-large wp-image-664\" alt=\"\" srcset=\"https:\/\/advisor.wellington-altus.ca\/zagariwealth\/wp-content\/uploads\/sites\/213\/2025\/04\/24-509_WellingtonAltus_Arch_008-copy1.webp 533w, https:\/\/advisor.wellington-altus.ca\/zagariwealth\/wp-content\/uploads\/sites\/213\/2025\/04\/24-509_WellingtonAltus_Arch_008-copy1-200x300.webp 200w, https:\/\/advisor.wellington-altus.ca\/zagariwealth\/wp-content\/uploads\/sites\/213\/2025\/04\/24-509_WellingtonAltus_Arch_008-copy1-8x12.webp 8w\" sizes=\"(max-width: 533px) 100vw, 533px\" \/>\t\t\t\t\t\t\t\t\t\t\t\t\t\t\t<\/div>\n\t\t\t\t<\/div>\n\t\t\t\t<\/div>\n\t\t\t\t<\/div>\n\t\t<div class=\"elementor-element elementor-element-1b6291c e-flex e-con-boxed e-con e-parent\" data-id=\"1b6291c\" data-element_type=\"container\" data-e-type=\"container\" data-settings=\"{&quot;background_background&quot;:&quot;classic&quot;}\">\n\t\t\t\t\t<div class=\"e-con-inner\">\n\t\t<div class=\"elementor-element elementor-element-742f9a1 e-con-full e-flex e-con e-child\" data-id=\"742f9a1\" data-element_type=\"container\" data-e-type=\"container\">\n\t\t\t\t<div class=\"elementor-element elementor-element-9b0c5e4 elementor-widget elementor-widget-heading\" data-id=\"9b0c5e4\" data-element_type=\"widget\" data-e-type=\"widget\" data-widget_type=\"heading.default\">\n\t\t\t\t<div class=\"elementor-widget-container\">\n\t\t\t\t\t<h2 class=\"elementor-heading-title elementor-size-default\">Solutions avant-gardistes\n<\/h2>\t\t\t\t<\/div>\n\t\t\t\t<\/div>\n\t\t\t\t<div class=\"elementor-element elementor-element-acc8977 elementor-widget elementor-widget-text-editor\" data-id=\"acc8977\" data-element_type=\"widget\" data-e-type=\"widget\" data-widget_type=\"text-editor.default\">\n\t\t\t\t<div class=\"elementor-widget-container\">\n\t\t\t\t\t\t\t\t\t<p>Nos solutions sont adapt\u00e9es \u00e0 votre situation unique pour vous apporter la tranquillit\u00e9 d\u2019esprit, maintenant et pour l\u2019avenir.<\/p>\t\t\t\t\t\t\t\t<\/div>\n\t\t\t\t<\/div>\n\t\t\t\t<\/div>\n\t\t<div class=\"elementor-element elementor-element-7a9b3ae e-con-full e-flex e-con e-child\" data-id=\"7a9b3ae\" data-element_type=\"container\" data-e-type=\"container\">\n\t\t\t\t<div class=\"elementor-element elementor-element-00ac592 elementor-widget elementor-widget-heading\" data-id=\"00ac592\" data-element_type=\"widget\" data-e-type=\"widget\" data-widget_type=\"heading.default\">\n\t\t\t\t<div class=\"elementor-widget-container\">\n\t\t\t\t\t<h3 class=\"elementor-heading-title elementor-size-default\">Portefeuilles priv\u00e9s Platine<\/h3>\t\t\t\t<\/div>\n\t\t\t\t<\/div>\n\t\t\t\t<div class=\"elementor-element elementor-element-c469ace elementor-widget elementor-widget-text-editor\" data-id=\"c469ace\" data-element_type=\"widget\" data-e-type=\"widget\" data-widget_type=\"text-editor.default\">\n\t\t\t\t<div class=\"elementor-widget-container\">\n\t\t\t\t\t\t\t\t\t<p>Un compte g\u00e9r\u00e9, unifi\u00e9 et surveill\u00e9 avec acc\u00e8s \u00e0 des gestionnaires de portefeuille de calibre mondial, diversifi\u00e9 selon la r\u00e9gion, le secteur et le type de placement.<\/p>\t\t\t\t\t\t\t\t<\/div>\n\t\t\t\t<\/div>\n\t\t\t\t<\/div>\n\t\t<div class=\"elementor-element elementor-element-9787859 e-con-full e-flex e-con e-child\" data-id=\"9787859\" data-element_type=\"container\" data-e-type=\"container\">\n\t\t\t\t<div class=\"elementor-element elementor-element-16ec60a elementor-widget elementor-widget-heading\" data-id=\"16ec60a\" data-element_type=\"widget\" data-e-type=\"widget\" data-widget_type=\"heading.default\">\n\t\t\t\t<div class=\"elementor-widget-container\">\n\t\t\t\t\t<h3 class=\"elementor-heading-title elementor-size-default\">Plateforme g\u00e9r\u00e9e et ax\u00e9e sur les conseils<\/h3>\t\t\t\t<\/div>\n\t\t\t\t<\/div>\n\t\t\t\t<div class=\"elementor-element elementor-element-525b6db elementor-widget elementor-widget-text-editor\" data-id=\"525b6db\" data-element_type=\"widget\" data-e-type=\"widget\" data-widget_type=\"text-editor.default\">\n\t\t\t\t<div class=\"elementor-widget-container\">\n\t\t\t\t\t\t\t\t\t<p>Une approche holistique qui combine les conseils d\u2019un gestionnaire de portefeuille inscrit et la gestion discr\u00e9tionnaire du patrimoine par des conseillers qui respectent les normes \u00e9lev\u00e9es de l\u2019industrie.<\/p>\t\t\t\t\t\t\t\t<\/div>\n\t\t\t\t<\/div>\n\t\t\t\t<\/div>\n\t\t<div class=\"elementor-element elementor-element-cdd0f8a e-con-full e-flex e-con e-child\" data-id=\"cdd0f8a\" data-element_type=\"container\" data-e-type=\"container\">\n\t\t\t\t<div class=\"elementor-element elementor-element-557ce51 elementor-widget elementor-widget-heading\" data-id=\"557ce51\" data-element_type=\"widget\" data-e-type=\"widget\" data-widget_type=\"heading.default\">\n\t\t\t\t<div class=\"elementor-widget-container\">\n\t\t\t\t\t<h3 class=\"elementor-heading-title elementor-size-default\">Courtage traditionnel<\/h3>\t\t\t\t<\/div>\n\t\t\t\t<\/div>\n\t\t\t\t<div class=\"elementor-element elementor-element-839d438 elementor-widget elementor-widget-text-editor\" data-id=\"839d438\" data-element_type=\"widget\" data-e-type=\"widget\" data-widget_type=\"text-editor.default\">\n\t\t\t\t<div class=\"elementor-widget-container\">\n\t\t\t\t\t\t\t\t\t<p>Une option de courtage \u00e0 commission pour les clients qui veulent participer \u00e0 la gestion de leurs placements, qu\u2019il s\u2019agisse de nouvelles \u00e9missions d\u2019entreprise, de collectes de fonds consortiales, d\u2019actions individuelles ou d\u2019obligations.<\/p>\t\t\t\t\t\t\t\t<\/div>\n\t\t\t\t<\/div>\n\t\t\t\t<\/div>\n\t\t\t\t\t<\/div>\n\t\t\t\t<\/div>\n\t\t<div class=\"elementor-element elementor-element-c4a11f5 e-con-full e-flex e-con e-parent\" data-id=\"c4a11f5\" data-element_type=\"container\" data-e-type=\"container\">\n\t\t<div class=\"elementor-element elementor-element-c10594b e-con-full e-flex e-con e-child\" data-id=\"c10594b\" data-element_type=\"container\" data-e-type=\"container\" data-settings=\"{&quot;background_background&quot;:&quot;classic&quot;}\">\n\t\t\t\t<div class=\"elementor-element elementor-element-755b8df elementor-widget elementor-widget-heading\" data-id=\"755b8df\" data-element_type=\"widget\" data-e-type=\"widget\" data-widget_type=\"heading.default\">\n\t\t\t\t<div class=\"elementor-widget-container\">\n\t\t\t\t\t<h2 class=\"elementor-heading-title elementor-size-default\">Exp\u00e9rience et ind\u00e9pendance<\/h2>\t\t\t\t<\/div>\n\t\t\t\t<\/div>\n\t\t\t\t<div class=\"elementor-element elementor-element-b2992b0 elementor-widget elementor-widget-text-editor\" data-id=\"b2992b0\" data-element_type=\"widget\" data-e-type=\"widget\" data-widget_type=\"text-editor.default\">\n\t\t\t\t<div class=\"elementor-widget-container\">\n\t\t\t\t\t\t\t\t\t<p><span class=\"ui-provider a b c d e f g h i j k l m n o p q r s t u v w x y z ab ac ae af ag ah ai aj ak\" dir=\"ltr\">Notre \u00e9quipe, ainsi que l\u2019\u00e9quipe fondatrice de Wellington-Altus Gestion Priv\u00e9e avons une vision globale de la gestion du patrimoine. Repr\u00e9sentant des ann\u00e9es d\u2019expertise, de constance, de stabilit\u00e9 et de confiance.<\/span><\/p>\t\t\t\t\t\t\t\t<\/div>\n\t\t\t\t<\/div>\n\t\t\t\t<\/div>\n\t\t<div class=\"elementor-element elementor-element-3d457a7 e-con-full e-flex e-con e-child\" data-id=\"3d457a7\" data-element_type=\"container\" data-e-type=\"container\" data-settings=\"{&quot;background_background&quot;:&quot;classic&quot;}\">\n\t\t\t\t<\/div>\n\t\t\t\t<\/div>\n\t\t<div class=\"elementor-element elementor-element-f57d21a e-con-full e-flex e-con e-parent\" data-id=\"f57d21a\" data-element_type=\"container\" data-e-type=\"container\">\n\t\t<div class=\"elementor-element elementor-element-b94d2a3 e-con-full e-flex e-con e-child\" data-id=\"b94d2a3\" data-element_type=\"container\" data-e-type=\"container\" data-settings=\"{&quot;background_background&quot;:&quot;classic&quot;}\">\n\t\t\t\t<\/div>\n\t\t<div class=\"elementor-element elementor-element-0755ddc e-con-full e-flex e-con e-child\" data-id=\"0755ddc\" data-element_type=\"container\" data-e-type=\"container\" data-settings=\"{&quot;background_background&quot;:&quot;classic&quot;}\">\n\t\t\t\t<div class=\"elementor-element elementor-element-2ecc43b elementor-widget elementor-widget-heading\" data-id=\"2ecc43b\" data-element_type=\"widget\" data-e-type=\"widget\" data-widget_type=\"heading.default\">\n\t\t\t\t<div class=\"elementor-widget-container\">\n\t\t\t\t\t<h2 class=\"elementor-heading-title elementor-size-default translation-block\">Conseils complets en gestion de patrimoine<\/h2>\t\t\t\t<\/div>\n\t\t\t\t<\/div>\n\t\t\t\t<div class=\"elementor-element elementor-element-39bca42 elementor-widget elementor-widget-text-editor\" data-id=\"39bca42\" data-element_type=\"widget\" data-e-type=\"widget\" data-widget_type=\"text-editor.default\">\n\t\t\t\t<div class=\"elementor-widget-container\">\n\t\t\t\t\t\t\t\t\t<p>Les conseillers de Wellington-Altus Gestion Priv\u00e9e sont des entrepreneurs qui valorisent une approche ind\u00e9pendante en mati\u00e8re de placement et de gestion du patrimoine. Il s\u2019agit d\u2019une approche qui accorde la priorit\u00e9 aux clients.<\/p>\t\t\t\t\t\t\t\t<\/div>\n\t\t\t\t<\/div>\n\t\t\t\t<\/div>\n\t\t\t\t<\/div>\n\t\t\t\t<\/div>","protected":false},"excerpt":{"rendered":"<p>Zagari Wealth Advisory Group MEET OUR TEAM Forward-Thinking Solutions Our solutions are tailored to your unique situation to bring you peace of mind, now and for the future. Platinum Private Portfolios A monitored, unified, managed account with access to world-class money managers diversified across geography, sector, and investment type. Advice + Managed Platform A holistic [&hellip;]<\/p>\n","protected":false},"author":198,"featured_media":0,"parent":0,"menu_order":0,"comment_status":"closed","ping_status":"closed","template":"elementor_header_footer","meta":{"_oasis_is_in_workflow":0,"_oasis_original":0,"_oasis_task_priority":"","_exactmetrics_skip_tracking":false,"_exactmetrics_sitenote_active":false,"_exactmetrics_sitenote_note":"","_exactmetrics_sitenote_category":0,"footnotes":""},"class_list":["post-2","page","type-page","status-publish","hentry"],"_links":{"self":[{"href":"https:\/\/advisor.wellington-altus.ca\/zagariwealth\/fr\/wp-json\/wp\/v2\/pages\/2","targetHints":{"allow":["GET"]}}],"collection":[{"href":"https:\/\/advisor.wellington-altus.ca\/zagariwealth\/fr\/wp-json\/wp\/v2\/pages"}],"about":[{"href":"https:\/\/advisor.wellington-altus.ca\/zagariwealth\/fr\/wp-json\/wp\/v2\/types\/page"}],"author":[{"embeddable":true,"href":"https:\/\/advisor.wellington-altus.ca\/zagariwealth\/fr\/wp-json\/wp\/v2\/users\/198"}],"replies":[{"embeddable":true,"href":"https:\/\/advisor.wellington-altus.ca\/zagariwealth\/fr\/wp-json\/wp\/v2\/comments?post=2"}],"version-history":[{"count":27,"href":"https:\/\/advisor.wellington-altus.ca\/zagariwealth\/fr\/wp-json\/wp\/v2\/pages\/2\/revisions"}],"predecessor-version":[{"id":691,"href":"https:\/\/advisor.wellington-altus.ca\/zagariwealth\/fr\/wp-json\/wp\/v2\/pages\/2\/revisions\/691"}],"wp:attachment":[{"href":"https:\/\/advisor.wellington-altus.ca\/zagariwealth\/fr\/wp-json\/wp\/v2\/media?parent=2"}],"curies":[{"name":"wp","href":"https:\/\/api.w.org\/{rel}","templated":true}]}}